{"id":2205,"date":"2020-05-23T18:37:01","date_gmt":"2020-05-23T18:37:01","guid":{"rendered":"https:\/\/www.acaoparamita.com.br\/?page_id=2205"},"modified":"2020-05-23T18:37:01","modified_gmt":"2020-05-23T18:37:01","slug":"saga-dawa","status":"publish","type":"page","link":"https:\/\/acaoparamita.com.br\/en\/saga-dawa\/","title":{"rendered":"Saga Dawa"},"content":{"rendered":"<div class=\"wp-block-cover has-background-dim\" style=\"background-image:url(https:\/\/www.acaoparamita.com.br\/wp-content\/uploads\/2020\/05\/39152750770_c4cc03e8fd_c.jpg)\"><div class=\"wp-block-cover__inner-container is-layout-flow wp-block-cover-is-layout-flow\">\n<p style=\"text-align:center\" class=\"has-large-font-size\"><\/p>\n<\/div><\/div>\n\n\n\n<blockquote class=\"wp-block-quote is-style-large is-layout-flow wp-block-quote-is-layout-flow\"><p><em>&#8220;\u00c9 um per\u00edodo de muitos m\u00e9ritos, que tem uma energia, no mundo todo. De modo geral os budistas todos reconhecem esse per\u00edodo, que tradicionalmente \u00e9 o quarto m\u00eas lunar, a lua cheia do quarto m\u00eas lunar, como dia da ilumina\u00e7\u00e3o do Buda. <br><br>Pensei que n\u00f3s podemos aproveitar e fazer a pr\u00e1tica do Prajnaparamita  que \u00e9, na verdade, a pr\u00e1tica da mente do Buda, como que o Buda v\u00ea as  coisas, como que o Buda nos ensina a atravessar as apar\u00eancias. Esse \u00e9 o  Prajnaparamita! <br><br>\u00c9 tamb\u00e9m a pr\u00e1tica de Manjushri, que \u00e9 representado com uma espada, que \u00e9  a lucidez, que corta e nos permite atravessar a ignor\u00e2ncia, e na outra  m\u00e3o ele tem o Prajnaparamita.&#8221;<\/em> <\/p><p>  <strong>&#8211; Lama Padma Samten<\/strong>  <\/p><\/blockquote>\n\n\n\n<hr class=\"wp-block-separator\"\/>\n\n\n\n<h3 class=\"wp-block-heading\" style=\"text-align:left\"><br>Lama Padma Samten nos convida \u00e0 <strong>pr\u00e1tica de Prajnaparamita<\/strong> durante o per\u00edodo do Saga Dawa<\/h3>\n\n\n\n<h4 class=\"wp-block-heading\">Todos os dias entre 23 de maio e 22 de junho<\/h4>\n\n\n\n<p style=\"text-align:left\"><strong>19h:30<\/strong> Saga Dawa Pr\u00e1tica de Prajnaparamita<br><strong>20h:00<\/strong> Acumula\u00e7\u00e3o da Pr\u00e1tica do Buda da Medicina <br><strong>21h:00<\/strong> Ensinamentos <strong>AO VIVO<\/strong> <a href=\"https:\/\/www.youtube.com\/lamapadmasamten\/live\">clique aqui<\/a> ou assista abaixo:<\/p>\n\n\n\n<iframe src=\"https:\/\/www.youtube.com\/embed\/live_stream?channel=UCz3WPsPTwekahMtKoz9YdmA\" allowfullscreen=\"\" width=\"560\" height=\"315\" frameborder=\"0\"><\/iframe>\n\n\n\n<div class=\"wp-block-columns has-2-columns is-layout-flex wp-container-core-columns-is-layout-28f84493 wp-block-columns-is-layout-flex\">\n<div class=\"wp-block-column is-layout-flow wp-block-column-is-layout-flow\">\n<h3 class=\"wp-block-heading\">Sadana Concisa para download<\/h3>\n\n\n\n<p>Acompanhe as preces:<\/p>\n\n\n\n<div class=\"wp-block-button\"><a class=\"wp-block-button__link\" href=\"https:\/\/www.acaoparamita.com.br\/wp-content\/uploads\/2020\/06\/SADANA_CEBB2020_PrajnaeBudadaMedicina.pdf\" target=\"_blank\" rel=\"noopener noreferrer\">Clique aqui e acesse<\/a><\/div>\n\n\n\n<h3 class=\"wp-block-heading\">Datas Importantes<\/h3>\n\n\n\n<p>29\/05 \u2022 Nascimento do Buda Shakyamuni<br>30\/05 \u2022 Dia de Tara<br>01\/06 \u2022 Dia de Guru Rinpoche<br>05\/06 \u2022 Lua cheia do Saga Dawa e Eclipse Lunar<\/p>\n<\/div>\n\n\n\n<div class=\"wp-block-column is-layout-flow wp-block-column-is-layout-flow\">\n<h3 class=\"wp-block-heading\">Livro de Dedica\u00e7\u00f5es<\/h3>\n\n\n\n<p>Voc\u00ea pode dedicar os m\u00e9ritos desta atividade para benef\u00edcio de pessoas falecidas ou pessoas vivas: <\/p>\n\n\n\n<div class=\"wp-block-button\"><a class=\"wp-block-button__link\" href=\"https:\/\/docs.google.com\/forms\/d\/e\/1FAIpQLSf8I7R5eRqLu-UjY-j-JbLl20iuCLFDYcxdBgYKP_y54NeiMg\/viewform\" target=\"_blank\" rel=\"noopener noreferrer\">Dedique aqui os m\u00e9ritos da pr\u00e1tica<\/a><\/div>\n\n\n\n<p><strong>Livro dos Vivos<\/strong><br><a href=\"https:\/\/bit.ly\/LivroVivos\" target=\"_blank\" rel=\"noreferrer noopener\" aria-label=\" (abre numa nova aba)\">https:\/\/bit.ly\/LivroVivos<\/a><br><strong>Livro dos Mortos<\/strong><br><a rel=\"noreferrer noopener\" aria-label=\"https:\/\/bit.ly\/LivroMortos (abre numa nova aba)\" href=\"https:\/\/bit.ly\/LivroMortos\" target=\"_blank\">https:\/\/bit.ly\/LivroMortos<\/a><\/p>\n<\/div>\n<\/div>\n\n\n\n<h3 class=\"wp-block-heading\">Oferecimento durante o m\u00eas de pr\u00e1ticas do Saga Dawa<\/h3>\n\n\n\n<p>O m\u00e9rito \u00e9 entendido de v\u00e1rias maneiras no budismo, basicamente s\u00e3o o resultado da acumula\u00e7\u00e3o de boas a\u00e7\u00f5es, atos e pensamentos. Tal m\u00e9rito ou virtude, contribui para o crescimento de uma ser em dire\u00e7\u00e3o \u00e0 liberta\u00e7\u00e3o espiritual e pode ser dedicado para pessoas e situa\u00e7\u00f5es. Os tibetanos acreditam que no m\u00eas do Saga Dawa nossas a\u00e7\u00f5es merit\u00f3rias s\u00e3o multiplicadas vastamente.<\/p>\n\n\n\n<p>A generosidade \u00e9 um ant\u00eddoto poderoso para o autocentramento e contribui para a pacifica\u00e7\u00e3o de nosso sofrimento de forma local e global e nos guia para a compreens\u00e3o profunda da interconectividade de todos os seres. <\/p>\n\n\n\n<p>Para realizar uma doa\u00e7\u00e3o de qualquer valor para A\u00e7\u00e3o Paramita apoiando as atividades do Lama Padma Samten: <\/p>\n\n\n\n<div class=\"wp-block-button alignleft\"><a class=\"wp-block-button__link\" href=\"https:\/\/www.paypal.com\/cgi-bin\/webscr?cmd=_s-xclick&amp;hosted_button_id=TXY3YRPYSV252&amp;source=url\" target=\"_blank\" rel=\"noopener noreferrer\">Clique aqui e fa\u00e7a a sua doa\u00e7\u00e3o<\/a><\/div><br><br>","protected":false},"excerpt":{"rendered":"<p>&#8220;\u00c9 um per\u00edodo de muitos m\u00e9ritos, que tem uma energia, no mundo todo. De modo geral os budistas todos reconhecem esse per\u00edodo, que tradicionalmente \u00e9 o quarto m\u00eas lunar, a lua cheia do quarto m\u00eas lunar, como dia da ilumina\u00e7\u00e3o do Buda. Pensei que n\u00f3s podemos aproveitar e fazer a pr\u00e1tica do Prajnaparamita que \u00e9, [&hellip;]<\/p>\n","protected":false},"author":1,"featured_media":2254,"parent":0,"menu_order":0,"comment_status":"closed","ping_status":"closed","template":"","meta":{"_themeisle_gutenberg_block_has_review":false,"footnotes":""},"class_list":["post-2205","page","type-page","status-publish","has-post-thumbnail","hentry"],"jetpack_sharing_enabled":true,"_links":{"self":[{"href":"https:\/\/acaoparamita.com.br\/en\/wp-json\/wp\/v2\/pages\/2205","targetHints":{"allow":["GET"]}}],"collection":[{"href":"https:\/\/acaoparamita.com.br\/en\/wp-json\/wp\/v2\/pages"}],"about":[{"href":"https:\/\/acaoparamita.com.br\/en\/wp-json\/wp\/v2\/types\/page"}],"author":[{"embeddable":true,"href":"https:\/\/acaoparamita.com.br\/en\/wp-json\/wp\/v2\/users\/1"}],"replies":[{"embeddable":true,"href":"https:\/\/acaoparamita.com.br\/en\/wp-json\/wp\/v2\/comments?post=2205"}],"version-history":[{"count":0,"href":"https:\/\/acaoparamita.com.br\/en\/wp-json\/wp\/v2\/pages\/2205\/revisions"}],"wp:featuredmedia":[{"embeddable":true,"href":"https:\/\/acaoparamita.com.br\/en\/wp-json\/"}],"wp:attachment":[{"href":"https:\/\/acaoparamita.com.br\/en\/wp-json\/wp\/v2\/media?parent=2205"}],"curies":[{"name":"wp","href":"https:\/\/api.w.org\/{rel}","templated":true}]}}