{"id":5896,"date":"2022-01-19T00:14:48","date_gmt":"2022-01-19T00:14:48","guid":{"rendered":"https:\/\/www.acaoparamita.com.br\/?page_id=5896"},"modified":"2023-08-14T10:45:52","modified_gmt":"2023-08-14T13:45:52","slug":"pagina-de-acompanhamento-retiro-meditacao-nos-jhanas","status":"publish","type":"page","link":"https:\/\/acaoparamita.com.br\/en\/pagina-de-acompanhamento-retiro-meditacao-nos-jhanas\/","title":{"rendered":"P\u00e1gina de Acompanhamento | Retiro Medita\u00e7\u00e3o nos Jhanas > 18 a 31 jan 2022"},"content":{"rendered":"<div data-elementor-type=\"wp-page\" data-elementor-id=\"5896\" class=\"elementor elementor-5896\" data-elementor-post-type=\"page\">\n\t\t\t\t\t\t<section class=\"elementor-section elementor-top-section elementor-element elementor-element-5ef9bae elementor-section-boxed elementor-section-height-default elementor-section-height-default\" data-id=\"5ef9bae\" data-element_type=\"section\" data-e-type=\"section\">\n\t\t\t\t\t\t<div class=\"elementor-container elementor-column-gap-default\">\n\t\t\t\t\t<div class=\"elementor-column elementor-col-100 elementor-top-column elementor-element elementor-element-8c8e3cc\" data-id=\"8c8e3cc\" data-element_type=\"column\" data-e-type=\"column\">\n\t\t\t<div class=\"elementor-widget-wrap elementor-element-populated\">\n\t\t\t\t\t\t<div class=\"elementor-element elementor-element-086a4f3 elementor-widget elementor-widget-heading\" data-id=\"086a4f3\" data-element_type=\"widget\" data-e-type=\"widget\" data-widget_type=\"heading.default\">\n\t\t\t\t<div class=\"elementor-widget-container\">\n\t\t\t\t\t<h2 class=\"elementor-heading-title elementor-size-default\">P\u00e1gina de Acompanhamento | Retiro A Medita\u00e7\u00e3o dos Jhanas <\/h2>\t\t\t\t<\/div>\n\t\t\t\t<\/div>\n\t\t\t\t<div class=\"elementor-element elementor-element-1354dae elementor-align-center elementor-widget elementor-widget-button\" data-id=\"1354dae\" data-element_type=\"widget\" data-e-type=\"widget\" data-widget_type=\"button.default\">\n\t\t\t\t<div class=\"elementor-widget-container\">\n\t\t\t\t\t\t\t\t\t<div class=\"elementor-button-wrapper\">\n\t\t\t\t\t<a class=\"elementor-button elementor-button-link elementor-size-sm\" href=\"https:\/\/www.acaoparamita.com.br\/wp-content\/uploads\/2022\/01\/Cu\u1e37asunnata-Sutta_port_CEBB.pdf\">\n\t\t\t\t\t\t<span class=\"elementor-button-content-wrapper\">\n\t\t\t\t\t\t\t\t\t<span class=\"elementor-button-text\">Clique aqui para acessar o C\u016b\u1e37asu\u00f1\u00f1ata Sutta em Portugu\u00eas<\/span>\n\t\t\t\t\t<\/span>\n\t\t\t\t\t<\/a>\n\t\t\t\t<\/div>\n\t\t\t\t\t\t\t\t<\/div>\n\t\t\t\t<\/div>\n\t\t\t\t\t<\/div>\n\t\t<\/div>\n\t\t\t\t\t<\/div>\n\t\t<\/section>\n\t\t\t\t<section class=\"elementor-section elementor-top-section elementor-element elementor-element-a17d5a6 elementor-section-boxed elementor-section-height-default elementor-section-height-default\" data-id=\"a17d5a6\" data-element_type=\"section\" data-e-type=\"section\">\n\t\t\t\t\t\t<div class=\"elementor-container elementor-column-gap-default\">\n\t\t\t\t\t<div class=\"elementor-column elementor-col-100 elementor-top-column elementor-element elementor-element-551471f\" data-id=\"551471f\" data-element_type=\"column\" data-e-type=\"column\">\n\t\t\t<div class=\"elementor-widget-wrap elementor-element-populated\">\n\t\t\t\t\t\t<div class=\"elementor-element elementor-element-a84a886 elementor-widget elementor-widget-text-editor\" data-id=\"a84a886\" data-element_type=\"widget\" data-e-type=\"widget\" data-widget_type=\"text-editor.default\">\n\t\t\t\t<div class=\"elementor-widget-container\">\n\t\t\t\t\t\t\t\t\t<p><strong>ter\u00e7a | 18\/01\/22<br \/><\/strong><br \/>. 5h30 \u00e0s 6h00 . Medita\u00e7\u00e3o \u2013 (n\u00e3o ser\u00e1 transmitido)<br \/>. 6h00 \u00e0s 6h30h . Puja da manh\u00e3 \u2013 (os pujas da manh\u00e3 ser\u00e3o oferecidos apenas presencialmente)<br \/>. 8h \u00e0s 9h | Medita\u00e7\u00e3o \u00b7\u00a0<a href=\"https:\/\/youtu.be\/73yHSnDz6Gc\">Sess\u00e3o #01<\/a> ou\u00a0<a href=\"https:\/\/zoom.us\/j\/92417774752?pwd=SGlGRzhBRUxMU0wvVkdCM2JoRHV0UT09\">Sala do Zoom \u2013 (clique aqui)<\/a>, ID: 924 1777 4752, Senha: 108<br \/>. 9h \u2013 11h | Ensinamentos \u00b7\u00a0<a href=\"https:\/\/youtu.be\/73yHSnDz6Gc\">Sess\u00e3o #01<\/a> ou\u00a0<a href=\"https:\/\/zoom.us\/j\/92417774752?pwd=SGlGRzhBRUxMU0wvVkdCM2JoRHV0UT09\">Sala do Zoom \u2013 (clique aqui)<\/a><br \/>\u00b7 14h \u00e0s 17h | Pr\u00e1tica de Medita\u00e7\u00e3o \u00b7\u00a0<a href=\"https:\/\/youtu.be\/GnqtI8kNous\">Sess\u00e3o #02<\/a> ou\u00a0<a href=\"https:\/\/zoom.us\/j\/92417774752?pwd=SGlGRzhBRUxMU0wvVkdCM2JoRHV0UT09\">Sala do Zoom \u2013 (clique aqui)<\/a><br \/>\u00b7 19h \u00e0s 20h30 | Puja da noite e Perguntas \u00b7 <a href=\"https:\/\/youtu.be\/-4CK_FOKWkE\">Sess\u00e3o #03<\/a> ou\u00a0<a href=\"https:\/\/zoom.us\/j\/7298927661?pwd=dGZEQlJ1NzNjeWVXWXd2SDlvQ2ZLQT09\">Sala do Zoom<\/a>, ID: 729 892 7661 senha: 108<\/p>\t\t\t\t\t\t\t\t<\/div>\n\t\t\t\t<\/div>\n\t\t\t\t<div class=\"elementor-element elementor-element-c2e5a08 elementor-widget elementor-widget-text-editor\" data-id=\"c2e5a08\" data-element_type=\"widget\" data-e-type=\"widget\" data-widget_type=\"text-editor.default\">\n\t\t\t\t<div class=\"elementor-widget-container\">\n\t\t\t\t\t\t\t\t\t<p><strong>quarta | 19\/01\/22<br \/><\/strong><br \/>. 5h30 \u00e0s 6h00 | Medita\u00e7\u00e3o \u2013 (n\u00e3o ser\u00e1 transmitido)<br \/>. 6h00 \u00e0s 6h30h | Puja da manh\u00e3 \u2013 (os pujas da manh\u00e3 ser\u00e3o oferecidos apenas presencialmente)<br \/>. 8h \u00e0s 11h | Medita\u00e7\u00e3o \u00b7\u00a0<a href=\"https:\/\/youtu.be\/tFVmSBKbD2o\" target=\"_blank\" rel=\"noopener\" data-cke-saved-href=\"https:\/\/youtu.be\/tFVmSBKbD2o\">Sess\u00e3o #04<\/a> ou\u00a0<a href=\"https:\/\/zoom.us\/j\/92417774752?pwd=SGlGRzhBRUxMU0wvVkdCM2JoRHV0UT09\" target=\"_blank\" rel=\"noopener\" data-cke-saved-href=\"https:\/\/zoom.us\/j\/92417774752?pwd=SGlGRzhBRUxMU0wvVkdCM2JoRHV0UT09\">Sala do Zoom \u2013 (clique aqui)<\/a>, ID: 924 1777 4752, Senha: 108<br \/>\u00b7 14h \u00e0s 17h | Medita\u00e7\u00e3o \u00b7\u00a0<a href=\"https:\/\/youtu.be\/KJ8FtbNe4Dg\" target=\"_blank\" rel=\"noopener\" data-cke-saved-href=\"https:\/\/youtu.be\/KJ8FtbNe4Dg\">Sess\u00e3o #05<\/a> ou\u00a0<a href=\"https:\/\/zoom.us\/j\/92417774752?pwd=SGlGRzhBRUxMU0wvVkdCM2JoRHV0UT09\" target=\"_blank\" rel=\"noopener\" data-cke-saved-href=\"https:\/\/zoom.us\/j\/92417774752?pwd=SGlGRzhBRUxMU0wvVkdCM2JoRHV0UT09\">Sala do Zoom \u2013 (clique aqui)<\/a>, ID: 924 1777 4752, Senha: 108<br \/>\u00b7 19h \u00e0s 20h30 | Puja da noite e Perguntas \u00b7 <a href=\"https:\/\/youtu.be\/BXk2UTNyI8k\" target=\"_blank\" rel=\"noopener\" data-cke-saved-href=\"https:\/\/youtu.be\/BXk2UTNyI8k\">Sess\u00e3o #06<\/a> ou\u00a0<a href=\"https:\/\/zoom.us\/j\/7298927661?pwd=dGZEQlJ1NzNjeWVXWXd2SDlvQ2ZLQT09\" target=\"_blank\" rel=\"noopener\" data-cke-saved-href=\"https:\/\/zoom.us\/j\/7298927661?pwd=dGZEQlJ1NzNjeWVXWXd2SDlvQ2ZLQT09\">Sala do Zoom<\/a>, ID: 729 892 7661 senha: 108<\/p>\t\t\t\t\t\t\t\t<\/div>\n\t\t\t\t<\/div>\n\t\t\t\t<div class=\"elementor-element elementor-element-21c7b93 elementor-widget elementor-widget-text-editor\" data-id=\"21c7b93\" data-element_type=\"widget\" data-e-type=\"widget\" data-widget_type=\"text-editor.default\">\n\t\t\t\t<div class=\"elementor-widget-container\">\n\t\t\t\t\t\t\t\t\t<p><strong>quinta | 20\/01\/22<\/strong><br \/>. 5h30 \u00e0s 6h00 . Medita\u00e7\u00e3o &#8211; <a href=\"https:\/\/zoom.us\/j\/92417774752?pwd=SGlGRzhBRUxMU0wvVkdCM2JoRHV0UT09\" target=\"_blank\" rel=\"noopener\">Sala do Zoom &#8211; (clique aqui)<\/a>, ID: 924 1777 4752, senha: 108<br \/>. 6h00 \u00e0s 6h30h . Puja da manh\u00e3 &#8211; <a href=\"https:\/\/zoom.us\/j\/92417774752?pwd=SGlGRzhBRUxMU0wvVkdCM2JoRHV0UT09\" target=\"_blank\" rel=\"noopener\">Sala do Zoom &#8211; (clique aqui)<\/a>, ID: 924 1777 4752, senha: 108<br \/>. 8h &#8211; 11h | Medita\u00e7\u00e3o e Ensinamentos \u00b7 <a href=\"https:\/\/youtu.be\/ChBNBvZYzXA\" target=\"_blank\" rel=\"noopener\">Sess\u00e3o #7<\/a><br \/>\u00b7 14h \u00e0s 17h | Pr\u00e1tica de Medita\u00e7\u00e3o . <a href=\"https:\/\/youtu.be\/selRJH-594g\" target=\"_blank\" rel=\"noopener\">Sess\u00e3o #8<\/a><br \/>\u00b7 19h \u00e0s 20h30 | Puja da noite e Perguntas \u00b7 Sess\u00e3o #9<\/p>\t\t\t\t\t\t\t\t<\/div>\n\t\t\t\t<\/div>\n\t\t\t\t<div class=\"elementor-element elementor-element-eaad8d5 elementor-widget elementor-widget-text-editor\" data-id=\"eaad8d5\" data-element_type=\"widget\" data-e-type=\"widget\" data-widget_type=\"text-editor.default\">\n\t\t\t\t<div class=\"elementor-widget-container\">\n\t\t\t\t\t\t\t\t\t<p><strong>quinta | 20\/01\/22<\/strong><br \/>. 5h30 \u00e0s 6h00 . Medita\u00e7\u00e3o &#8211; <a href=\"https:\/\/zoom.us\/j\/92417774752?pwd=SGlGRzhBRUxMU0wvVkdCM2JoRHV0UT09\" target=\"_blank\" rel=\"noopener\">Sala do Zoom &#8211; (clique aqui)<\/a>, ID: 924 1777 4752, senha: 108<br \/>. 6h00 \u00e0s 6h30h . Puja da manh\u00e3 &#8211; <a href=\"https:\/\/zoom.us\/j\/92417774752?pwd=SGlGRzhBRUxMU0wvVkdCM2JoRHV0UT09\" target=\"_blank\" rel=\"noopener\">Sala do Zoom &#8211; (clique aqui)<\/a>, ID: 924 1777 4752, senha: 108<br \/>. 8h &#8211; 11h | Medita\u00e7\u00e3o e Ensinamentos \u00b7 <a href=\"https:\/\/youtu.be\/ChBNBvZYzXA\" target=\"_blank\" rel=\"noopener\">Sess\u00e3o #7<\/a><br \/>\u00b7 14h \u00e0s 17h | Pr\u00e1tica de Medita\u00e7\u00e3o . <a href=\"https:\/\/youtu.be\/selRJH-594g\" target=\"_blank\" rel=\"noopener\">Sess\u00e3o #8<\/a><br \/>\u00b7 19h \u00e0s 20h30 | Puja da noite e Perguntas \u00b7 Sess\u00e3o #9<\/p>\t\t\t\t\t\t\t\t<\/div>\n\t\t\t\t<\/div>\n\t\t\t\t<div class=\"elementor-element elementor-element-d992979 elementor-widget elementor-widget-text-editor\" data-id=\"d992979\" data-element_type=\"widget\" data-e-type=\"widget\" data-widget_type=\"text-editor.default\">\n\t\t\t\t<div class=\"elementor-widget-container\">\n\t\t\t\t\t\t\t\t\t<p><strong>sexta | 21\/01\/22<\/strong><br \/>. 5h30 \u00e0s 6h00 . Medita\u00e7\u00e3o &#8211; <a href=\"https:\/\/zoom.us\/j\/92417774752?pwd=SGlGRzhBRUxMU0wvVkdCM2JoRHV0UT09\" target=\"_blank\" rel=\"noopener\">Sala do Zoom &#8211; (clique aqui)<\/a>, ID: 924 1777 4752, senha: 108<br \/>. 6h00 \u00e0s 6h30h . Puja da manh\u00e3 &#8211; <a href=\"https:\/\/zoom.us\/j\/92417774752?pwd=SGlGRzhBRUxMU0wvVkdCM2JoRHV0UT09\" target=\"_blank\" rel=\"noopener\">Sala do Zoom &#8211; (clique aqui)<\/a>, ID: 924 1777 4752, senha: 108<br \/>. 8h &#8211; 11h | Medita\u00e7\u00e3o e Ensinamentos \u00b7 <a href=\"https:\/\/youtu.be\/2wsHJeo4WJ8\" target=\"_blank\" rel=\"noopener\">Sess\u00e3o #10<\/a><br \/>\u00b7 14h \u00e0s 17h | Pr\u00e1tica de Medita\u00e7\u00e3o \u00b7 <a href=\"https:\/\/youtu.be\/IvzgFztDJKM\" target=\"_blank\" rel=\"noopener\">Sess\u00e3o #11<\/a><br \/>\u00b7 19h \u00e0s 20h30 | Puja da noite e Perguntas \u00b7 Sess\u00e3o #12<\/p><p><strong>s\u00e1bado | 22\/01\/22<\/strong><br \/>. 5h30 \u00e0s 6h00 . Medita\u00e7\u00e3o &#8211; <a href=\"https:\/\/zoom.us\/j\/92417774752?pwd=SGlGRzhBRUxMU0wvVkdCM2JoRHV0UT09\" target=\"_blank\" rel=\"noopener\">Sala do Zoom &#8211; (clique aqui)<\/a>, ID: 924 1777 4752, senha: 108<br \/>. 6h00 \u00e0s 6h30h . Puja da manh\u00e3 &#8211; <a href=\"https:\/\/zoom.us\/j\/92417774752?pwd=SGlGRzhBRUxMU0wvVkdCM2JoRHV0UT09\" target=\"_blank\" rel=\"noopener\">Sala do Zoom &#8211; (clique aqui)<\/a>, ID: 924 1777 4752, senha: 108<br \/>. 8h &#8211; 11h | Medita\u00e7\u00e3o e Ensinamentos \u00b7 <a href=\"https:\/\/youtu.be\/-RVSnD9H_gg\" target=\"_blank\" rel=\"noopener\">Sess\u00e3o #13<\/a><br \/>\u00b7 14h \u00e0s 17h | Pr\u00e1tica de Medita\u00e7\u00e3o \u00b7 <a href=\"https:\/\/youtu.be\/JzxBldUMeKw\" target=\"_blank\" rel=\"noopener\">Sess\u00e3o #14<\/a><br \/>\u00b7 19h \u00e0s 20h30 | Puja da noite e Perguntas \u00b7 Sess\u00e3o #15<\/p><p><strong>domingo | 23\/01\/22<\/strong><br \/>. 5h30 \u00e0s 6h00 . Medita\u00e7\u00e3o &#8211; <a href=\"https:\/\/zoom.us\/j\/92417774752?pwd=SGlGRzhBRUxMU0wvVkdCM2JoRHV0UT09\" target=\"_blank\" rel=\"noopener\">Sala do Zoom &#8211; (clique aqui)<\/a>, ID: 924 1777 4752, senha: 108<br \/>. 6h00 \u00e0s 6h30h . Puja da manh\u00e3 &#8211; <a href=\"https:\/\/zoom.us\/j\/92417774752?pwd=SGlGRzhBRUxMU0wvVkdCM2JoRHV0UT09\" target=\"_blank\" rel=\"noopener\">Sala do Zoom &#8211; (clique aqui)<\/a>, ID: 924 1777 4752, senha: 108<br \/>. 8h &#8211; 11h | Medita\u00e7\u00e3o e Ensinamentos \u00b7 <a href=\"https:\/\/youtu.be\/yZvymK2nlKE\" target=\"_blank\" rel=\"noopener\">Sess\u00e3o #16<\/a><br \/>\u00b7 14h \u00e0s 17h | Pr\u00e1tica de Medita\u00e7\u00e3o \u00b7 <a href=\"https:\/\/youtu.be\/E0Qle-Dbc8A\" target=\"_blank\" rel=\"noopener\">Sess\u00e3o #17<\/a><br \/>\u00b7 19h \u00e0s 20h30 | Puja da noite e Perguntas \u00b7 Sess\u00e3o #18<\/p><p><strong>segunda | 24\/01\/22<\/strong><br \/>. 5h30 \u00e0s 6h00 . Medita\u00e7\u00e3o &#8211; <a href=\"https:\/\/zoom.us\/j\/92417774752?pwd=SGlGRzhBRUxMU0wvVkdCM2JoRHV0UT09\" target=\"_blank\" rel=\"noopener\">Sala do Zoom &#8211; (clique aqui)<\/a>, ID: 924 1777 4752, senha: 108<br \/>. 6h00 \u00e0s 6h30h . Puja da manh\u00e3 &#8211; <a href=\"https:\/\/zoom.us\/j\/92417774752?pwd=SGlGRzhBRUxMU0wvVkdCM2JoRHV0UT09\" target=\"_blank\" rel=\"noopener\">Sala do Zoom &#8211; (clique aqui)<\/a>, ID: 924 1777 4752, senha: 108<br \/>. 8h &#8211; 11h | Medita\u00e7\u00e3o e Ensinamentos \u00b7 <a href=\"https:\/\/youtu.be\/UUoIOtwLIXk\" target=\"_blank\" rel=\"noopener\">Sess\u00e3o #19<\/a><br \/>\u00b7 14h \u00e0s 17h | Pr\u00e1tica de Medita\u00e7\u00e3o \u00b7 <a href=\"https:\/\/youtu.be\/Sz06s8MX58E\" target=\"_blank\" rel=\"noopener\">Sess\u00e3o #20<\/a><br \/>\u00b7 19h \u00e0s 20h30 | Puja da noite e Perguntas \u00b7 Sess\u00e3o #21<\/p><p><strong>ter\u00e7a | 25\/01\/22<\/strong><br \/>. 5h30 \u00e0s 6h00 . Medita\u00e7\u00e3o &#8211; <a href=\"https:\/\/zoom.us\/j\/92417774752?pwd=SGlGRzhBRUxMU0wvVkdCM2JoRHV0UT09\" target=\"_blank\" rel=\"noopener\">Sala do Zoom &#8211; (clique aqui)<\/a>, ID: 924 1777 4752, senha: 108<br \/>. 6h00 \u00e0s 6h30h . Puja da manh\u00e3 &#8211; <a href=\"https:\/\/zoom.us\/j\/92417774752?pwd=SGlGRzhBRUxMU0wvVkdCM2JoRHV0UT09\" target=\"_blank\" rel=\"noopener\">Sala do Zoom &#8211; (clique aqui)<\/a>, ID: 924 1777 4752, senha: 108<br \/>. 8h &#8211; 11h | Medita\u00e7\u00e3o e Ensinamentos \u00b7 <a href=\"https:\/\/youtu.be\/87AWvgbxGyc\" target=\"_blank\" rel=\"noopener\">Sess\u00e3o #22<\/a><br \/>\u00b7 14h \u00e0s 17h | Pr\u00e1tica de Medita\u00e7\u00e3o \u00b7 <a href=\"https:\/\/youtu.be\/GKQubYWd1vc\" target=\"_blank\" rel=\"noopener\">Sess\u00e3o #23<\/a><br \/>\u00b7 19h \u00e0s 20h30 | Puja da noite e Perguntas \u00b7 Sess\u00e3o #24<\/p><p><strong>quarta | 26\/01\/22<\/strong><br \/>. 5h30 \u00e0s 6h00 . Medita\u00e7\u00e3o &#8211; <a href=\"https:\/\/zoom.us\/j\/92417774752?pwd=SGlGRzhBRUxMU0wvVkdCM2JoRHV0UT09\" target=\"_blank\" rel=\"noopener\">Sala do Zoom &#8211; (clique aqui)<\/a>, ID: 924 1777 4752, senha: 108<br \/>. 6h00 \u00e0s 6h30h . Puja da manh\u00e3 &#8211; <a href=\"https:\/\/zoom.us\/j\/92417774752?pwd=SGlGRzhBRUxMU0wvVkdCM2JoRHV0UT09\" target=\"_blank\" rel=\"noopener\">Sala do Zoom &#8211; (clique aqui)<\/a>, ID: 924 1777 4752, senha: 108<br \/>. 8h &#8211; 11h | Medita\u00e7\u00e3o e Ensinamentos \u00b7 <a href=\"https:\/\/youtu.be\/i2tDL2zVOfU\" target=\"_blank\" rel=\"noopener\">Sess\u00e3o #25<\/a><br \/>\u00b7 14h \u00e0s 17h | Pr\u00e1tica de Medita\u00e7\u00e3o \u00b7 <a href=\"https:\/\/youtu.be\/3wZTwUSLcFU\" target=\"_blank\" rel=\"noopener\">Sess\u00e3o #26<\/a><br \/>\u00b7 19h \u00e0s 20h30 | Puja da noite e Perguntas \u00b7 Sess\u00e3o #27<\/p><p><strong>quinta | 27\/01\/22<\/strong><br \/>. 5h30 \u00e0s 6h00 . Medita\u00e7\u00e3o &#8211; <a href=\"https:\/\/zoom.us\/j\/92417774752?pwd=SGlGRzhBRUxMU0wvVkdCM2JoRHV0UT09\" target=\"_blank\" rel=\"noopener\">Sala do Zoom &#8211; (clique aqui)<\/a>, ID: 924 1777 4752, senha: 108<br \/>. 6h00 \u00e0s 6h30h . Puja da manh\u00e3 &#8211; <a href=\"https:\/\/zoom.us\/j\/92417774752?pwd=SGlGRzhBRUxMU0wvVkdCM2JoRHV0UT09\" target=\"_blank\" rel=\"noopener\">Sala do Zoom &#8211; (clique aqui)<\/a>, ID: 924 1777 4752, senha: 108<br \/>. 8h &#8211; 11h | Medita\u00e7\u00e3o e Ensinamentos \u00b7 <a href=\"https:\/\/youtu.be\/JD0VfPb1aKA\" target=\"_blank\" rel=\"noopener\">Sess\u00e3o #28<\/a><br \/>\u00b7 14h \u00e0s 17h | Pr\u00e1tica de Medita\u00e7\u00e3o \u00b7 <a href=\"https:\/\/youtu.be\/LWNe7SCpsU4\" target=\"_blank\" rel=\"noopener\">Sess\u00e3o #29<\/a><br \/>\u00b7 19h \u00e0s 20h30 | Puja da noite e Perguntas \u00b7 Sess\u00e3o #30<\/p><p><strong>sexta | 28\/01\/22<\/strong><br \/>. 5h30 \u00e0s 6h00 . Medita\u00e7\u00e3o &#8211; <a href=\"https:\/\/zoom.us\/j\/92417774752?pwd=SGlGRzhBRUxMU0wvVkdCM2JoRHV0UT09\" target=\"_blank\" rel=\"noopener\">Sala do Zoom &#8211; (clique aqui)<\/a>, ID: 924 1777 4752, senha: 108<br \/>. 6h00 \u00e0s 6h30h . Puja da manh\u00e3 &#8211; <a href=\"https:\/\/zoom.us\/j\/92417774752?pwd=SGlGRzhBRUxMU0wvVkdCM2JoRHV0UT09\" target=\"_blank\" rel=\"noopener\">Sala do Zoom &#8211; (clique aqui)<\/a>, ID: 924 1777 4752, senha: 108<br \/>. 8h &#8211; 11h | Medita\u00e7\u00e3o e Ensinamentos \u00b7 <a href=\"https:\/\/youtu.be\/LJ9p7h5Fpoo\" target=\"_blank\" rel=\"noopener\">Sess\u00e3o #31<\/a><br \/>\u00b7 14h \u00e0s 17h | Pr\u00e1tica de Medita\u00e7\u00e3o \u00b7 <a href=\"https:\/\/youtu.be\/C5-jaztl9qM\" target=\"_blank\" rel=\"noopener\">Sess\u00e3o #32<\/a><br \/>\u00b7 19h \u00e0s 20h30 | Puja da noite e Perguntas \u00b7 Sess\u00e3o #33<\/p><p><strong>s\u00e1bado | 29\/01\/22<\/strong><br \/>. 5h30 \u00e0s 6h00 . Medita\u00e7\u00e3o &#8211; <a href=\"https:\/\/zoom.us\/j\/92417774752?pwd=SGlGRzhBRUxMU0wvVkdCM2JoRHV0UT09\" target=\"_blank\" rel=\"noopener\">Sala do Zoom &#8211; (clique aqui)<\/a>, ID: 924 1777 4752, senha: 108<br \/>. 6h00 \u00e0s 6h30h . Puja da manh\u00e3 &#8211; <a href=\"https:\/\/zoom.us\/j\/92417774752?pwd=SGlGRzhBRUxMU0wvVkdCM2JoRHV0UT09\" target=\"_blank\" rel=\"noopener\">Sala do Zoom &#8211; (clique aqui)<\/a>, ID: 924 1777 4752, senha: 108<br \/>. 8h &#8211; 11h | Medita\u00e7\u00e3o e Ensinamentos \u00b7 <a href=\"https:\/\/youtu.be\/s8biOC-A6rk\" target=\"_blank\" rel=\"noopener\">Sess\u00e3o #34<\/a><br \/>\u00b7 14h \u00e0s 17h | Pr\u00e1tica de Medita\u00e7\u00e3o \u00b7 <a href=\"https:\/\/youtu.be\/WC95OThsDGo\" target=\"_blank\" rel=\"noopener\">Sess\u00e3o #35<\/a><br \/>\u00b7 19h \u00e0s 20h30 | Puja da noite e Perguntas \u00b7 Sess\u00e3o #36<\/p><p><strong>domingo | 30\/01\/22<\/strong><br \/>. 5h30 \u00e0s 6h00 . Medita\u00e7\u00e3o &#8211; <a href=\"https:\/\/zoom.us\/j\/92417774752?pwd=SGlGRzhBRUxMU0wvVkdCM2JoRHV0UT09\" target=\"_blank\" rel=\"noopener\">Sala do Zoom &#8211; (clique aqui)<\/a>, ID: 924 1777 4752, senha: 108<br \/>. 6h00 \u00e0s 6h30h . Puja da manh\u00e3 &#8211; <a href=\"https:\/\/zoom.us\/j\/92417774752?pwd=SGlGRzhBRUxMU0wvVkdCM2JoRHV0UT09\" target=\"_blank\" rel=\"noopener\">Sala do Zoom &#8211; (clique aqui)<\/a>, ID: 924 1777 4752, senha: 108<br \/>. 8h &#8211; 11h | Medita\u00e7\u00e3o e Ensinamentos \u00b7 <a href=\"https:\/\/youtu.be\/E8Ju46_UjHc\" target=\"_blank\" rel=\"noopener\">Sess\u00e3o #37<\/a><br \/>\u00b7 14h \u00e0s 17h | Pr\u00e1tica de Medita\u00e7\u00e3o \u00b7 <a href=\"https:\/\/youtu.be\/ZbGrOFcueHs\" target=\"_blank\" rel=\"noopener\">Sess\u00e3o #38<\/a><br \/>\u00b7 19h \u00e0s 20h30 | Puja da noite e Perguntas \u00b7 Sess\u00e3o #39<\/p><p><strong>segunda | 31\/01\/22<\/strong><br \/>. 5h30 \u00e0s 6h00 . Medita\u00e7\u00e3o &#8211; <a href=\"https:\/\/zoom.us\/j\/92417774752?pwd=SGlGRzhBRUxMU0wvVkdCM2JoRHV0UT09\" target=\"_blank\" rel=\"noopener\">Sala do Zoom &#8211; (clique aqui)<\/a>, ID: 924 1777 4752, senha: 108<br \/>. 6h00 \u00e0s 6h30h . Puja da manh\u00e3 &#8211; <a href=\"https:\/\/zoom.us\/j\/92417774752?pwd=SGlGRzhBRUxMU0wvVkdCM2JoRHV0UT09\" target=\"_blank\" rel=\"noopener\">Sala do Zoom &#8211; (clique aqui)<\/a>, ID: 924 1777 4752, senha: 108<br \/>. 8h &#8211; 11h | Medita\u00e7\u00e3o e Ensinamentos \u00b7 <a href=\"https:\/\/youtu.be\/DtKeSwBGD-k\" target=\"_blank\" rel=\"noopener\">Sess\u00e3o #40<\/a><\/p>\t\t\t\t\t\t\t\t<\/div>\n\t\t\t\t<\/div>\n\t\t\t\t\t<\/div>\n\t\t<\/div>\n\t\t\t\t\t<\/div>\n\t\t<\/section>\n\t\t\t\t<\/div>","protected":false},"excerpt":{"rendered":"<p>P\u00e1gina de Acompanhamento | Retiro A Medita\u00e7\u00e3o dos Jhanas Clique aqui para acessar o C\u016b\u1e37asu\u00f1\u00f1ata Sutta em Portugu\u00eas ter\u00e7a | 18\/01\/22. 5h30 \u00e0s 6h00 . Medita\u00e7\u00e3o \u2013 (n\u00e3o ser\u00e1 transmitido). 6h00 \u00e0s 6h30h . Puja da manh\u00e3 \u2013 (os pujas da manh\u00e3 ser\u00e3o oferecidos apenas presencialmente). 8h \u00e0s 9h | Medita\u00e7\u00e3o \u00b7\u00a0Sess\u00e3o #01 ou\u00a0Sala do [&hellip;]<\/p>\n","protected":false},"author":1,"featured_media":0,"parent":0,"menu_order":0,"comment_status":"closed","ping_status":"closed","template":"","meta":{"_themeisle_gutenberg_block_has_review":false,"footnotes":""},"class_list":["post-5896","page","type-page","status-publish","hentry"],"jetpack_sharing_enabled":true,"_links":{"self":[{"href":"https:\/\/acaoparamita.com.br\/en\/wp-json\/wp\/v2\/pages\/5896","targetHints":{"allow":["GET"]}}],"collection":[{"href":"https:\/\/acaoparamita.com.br\/en\/wp-json\/wp\/v2\/pages"}],"about":[{"href":"https:\/\/acaoparamita.com.br\/en\/wp-json\/wp\/v2\/types\/page"}],"author":[{"embeddable":true,"href":"https:\/\/acaoparamita.com.br\/en\/wp-json\/wp\/v2\/users\/1"}],"replies":[{"embeddable":true,"href":"https:\/\/acaoparamita.com.br\/en\/wp-json\/wp\/v2\/comments?post=5896"}],"version-history":[{"count":3,"href":"https:\/\/acaoparamita.com.br\/en\/wp-json\/wp\/v2\/pages\/5896\/revisions"}],"predecessor-version":[{"id":9883,"href":"https:\/\/acaoparamita.com.br\/en\/wp-json\/wp\/v2\/pages\/5896\/revisions\/9883"}],"wp:attachment":[{"href":"https:\/\/acaoparamita.com.br\/en\/wp-json\/wp\/v2\/media?parent=5896"}],"curies":[{"name":"wp","href":"https:\/\/api.w.org\/{rel}","templated":true}]}}