{"id":6628,"date":"2022-12-18T14:41:26","date_gmt":"2022-12-18T14:41:26","guid":{"rendered":"https:\/\/www.acaoparamita.com.br\/?page_id=6628"},"modified":"2022-12-18T14:41:26","modified_gmt":"2022-12-18T14:41:26","slug":"instrucoes-praticas-do-buda-para-nossas-vidas","status":"publish","type":"page","link":"https:\/\/acaoparamita.com.br\/en\/instrucoes-praticas-do-buda-para-nossas-vidas\/","title":{"rendered":"In-depth Study (oct\/22) \u2013 <br>\"Buddha's Practical Instructions for our Lives\"<\/br>"},"content":{"rendered":"<p>&#8220;No Dhammapada o pr\u00f3prio Buda Sakiamuni traz muitos conselhos preciosos sobre como dever\u00edamos viver as nossas vidas. Por vezes esses ensinamentos s\u00e3o considerados instru\u00e7\u00f5es de moralidade. Aqui vou apresent\u00e1-los na abordagem de a\u00e7\u00e3o no mundo. Garab Dorje nos trouxe as instru\u00e7\u00f5es de Vis\u00e3o, Medita\u00e7\u00e3o e A\u00e7\u00e3o. Temos estudado essas instru\u00e7\u00f5es especialmente desde as abordagens de Dudjom Rinpoche, Lonchenpa e Jigme Lingpa. Com certeza, a a\u00e7\u00e3o no mundo \u00e9 a etapa mais desafiadora e coloca em teste se os ensinamentos que ouvimos s\u00e3o apenas lembran\u00e7as, ou racioc\u00ednios, ou se realmente se tornam a vis\u00e3o natural em meio as circunst\u00e2ncias confusas e flutuantes do samsara. Neste per\u00edodo de quatorze dias focaremos os desafios das nossas vidas desde a perspectiva da vis\u00e3o do Buda apresentada nesse texto cl\u00e1ssico na forma de temas curtos.&#8221; &#8211; Lama Padma Samten<\/p>\n\n\n\n<p><strong>Texto de Acompanhamento<\/strong><\/p>\n\n\n\n<p><strong><a href=\"https:\/\/cebb.org.br\/wp-content\/uploads\/2022\/10\/O-Dhammapada_PORT_CEBB_25-10.pdf\">O Dhammapada<\/a> &lt;&lt; clique para acessar<\/strong><br><em><em>Vers\u00e3o de 25\/10 com 107 p\u00e1ginas &#8211; Tradu\u00e7\u00e3o provis\u00f3ria e em andamento para fins de estudo. Favor n\u00e3o compartilhar.<\/em><br><strong><a href=\"https:\/\/cebb.org.br\/wp-content\/uploads\/2022\/10\/Buddhas-teachings-on-social-and-comunal-harmony_PORT_CEBB_30-10.pdf\">Os ensinamentos do Buda sobre a<br>harmonia social e comunit\u00e1ria: uma antologia de discursos do C\u00e2none P\u0101li<\/a> &lt;&lt; clique para acessar<\/strong><\/em><\/p>\n\n\n\n<h3 class=\"wp-block-heading\">Lista de sess\u00f5es<\/h3>\n\n\n\n<p><\/p>\n\n\n\n<p>segunda | 17\/10\/22<br><a href=\"https:\/\/youtu.be\/3iP9GA6tHss\" target=\"_blank\" rel=\"noreferrer noopener\">Sess\u00e3o #1<\/a><br><\/p>\n\n\n\n<p>ter\u00e7a | 18\/10\/22<br><a href=\"https:\/\/youtu.be\/kPCAc2vFH04\" target=\"_blank\" rel=\"noreferrer noopener\">Sess\u00e3o #2<\/a><br><\/p>\n\n\n\n<p>quarta| 19\/10\/22<br><a href=\"https:\/\/youtu.be\/REnlShNA5uc\" target=\"_blank\" rel=\"noreferrer noopener\">Sess\u00e3o #3<\/a><br><\/p>\n\n\n\n<p>quinta | 20\/10\/22<br><a href=\"https:\/\/youtu.be\/az8D-Rs2-rQ\" target=\"_blank\" rel=\"noreferrer noopener\">Sess\u00e3o #4<\/a><br><\/p>\n\n\n\n<p>sexta | 21\/10\/22<br><a href=\"https:\/\/youtu.be\/U13bNxlYTmQ\" target=\"_blank\" rel=\"noreferrer noopener\">Sess\u00e3o #5<\/a><br><\/p>\n\n\n\n<p>s\u00e1bado | 22\/10\/22<br><a href=\"https:\/\/youtu.be\/TvAEiJ0KWRI\" target=\"_blank\" rel=\"noreferrer noopener\">Sess\u00e3o #6<\/a><br><\/p>\n\n\n\n<p>domingo | 23\/10\/22<br><a href=\"https:\/\/youtu.be\/2uVNOEcAnDc\" target=\"_blank\" rel=\"noreferrer noopener\">Sess\u00e3o #7<\/a><br><\/p>\n\n\n\n<p>segunda | 24\/10\/22<br><a href=\"https:\/\/youtu.be\/KDU4HXee1CI\" target=\"_blank\" rel=\"noreferrer noopener\">Sess\u00e3o #8<\/a><br><\/p>\n\n\n\n<p>ter\u00e7a | 25\/10\/22<br><a href=\"https:\/\/youtu.be\/Qnfpb56hXuo\" target=\"_blank\" rel=\"noreferrer noopener\">Sess\u00e3o #9<\/a><br><\/p>\n\n\n\n<p>quarta| 26\/10\/22<br>Sess\u00e3o #10<br><\/p>\n\n\n\n<p>quinta | 27\/10\/22<br><a href=\"https:\/\/youtu.be\/0ECLLmhk1Z4\" target=\"_blank\" rel=\"noreferrer noopener\">Sess\u00e3o #11<\/a><br><\/p>\n\n\n\n<p>sexta | 28\/10\/22<br><a href=\"https:\/\/youtu.be\/16meabHYQmI\" target=\"_blank\" rel=\"noreferrer noopener\">Sess\u00e3o #12<\/a><br><\/p>\n\n\n\n<p>s\u00e1bado | 29\/10\/22<br><a href=\"https:\/\/youtu.be\/EM21V0fpQ6Q\" target=\"_blank\" rel=\"noreferrer noopener\">Sess\u00e3o #13<\/a><br><\/p>\n\n\n\n<p>domingo | 30\/10\/22<br>. 9h &#8211; 11h | Ensinamentos \u00b7 <a href=\"https:\/\/us06web.zoom.us\/j\/83779987171?pwd=OEJpbjQ5R3RLWFRKTEpOYWxIMmlDdz09\" target=\"_blank\" rel=\"noreferrer noopener\">Sala do Zoom<\/a> &#8211; senha: 108 ou <a href=\"https:\/\/youtu.be\/VqwxgEmdabk\" target=\"_blank\" rel=\"noreferrer noopener\">Sess\u00e3o #14<\/a><\/p>","protected":false},"excerpt":{"rendered":"<p>&#8220;No Dhammapada o pr\u00f3prio Buda Sakiamuni traz muitos conselhos preciosos sobre como dever\u00edamos viver as nossas vidas. Por vezes esses ensinamentos s\u00e3o considerados instru\u00e7\u00f5es de moralidade. Aqui vou apresent\u00e1-los na abordagem de a\u00e7\u00e3o no mundo. Garab Dorje nos trouxe as instru\u00e7\u00f5es de Vis\u00e3o, Medita\u00e7\u00e3o e A\u00e7\u00e3o. Temos estudado essas instru\u00e7\u00f5es especialmente desde as abordagens de [&hellip;]<\/p>\n","protected":false},"author":1,"featured_media":0,"parent":0,"menu_order":0,"comment_status":"closed","ping_status":"closed","template":"","meta":{"_themeisle_gutenberg_block_has_review":false,"footnotes":""},"class_list":["post-6628","page","type-page","status-publish","hentry"],"jetpack_sharing_enabled":true,"_links":{"self":[{"href":"https:\/\/acaoparamita.com.br\/en\/wp-json\/wp\/v2\/pages\/6628","targetHints":{"allow":["GET"]}}],"collection":[{"href":"https:\/\/acaoparamita.com.br\/en\/wp-json\/wp\/v2\/pages"}],"about":[{"href":"https:\/\/acaoparamita.com.br\/en\/wp-json\/wp\/v2\/types\/page"}],"author":[{"embeddable":true,"href":"https:\/\/acaoparamita.com.br\/en\/wp-json\/wp\/v2\/users\/1"}],"replies":[{"embeddable":true,"href":"https:\/\/acaoparamita.com.br\/en\/wp-json\/wp\/v2\/comments?post=6628"}],"version-history":[{"count":0,"href":"https:\/\/acaoparamita.com.br\/en\/wp-json\/wp\/v2\/pages\/6628\/revisions"}],"wp:attachment":[{"href":"https:\/\/acaoparamita.com.br\/en\/wp-json\/wp\/v2\/media?parent=6628"}],"curies":[{"name":"wp","href":"https:\/\/api.w.org\/{rel}","templated":true}]}}