{"id":9206,"date":"2023-05-30T10:35:09","date_gmt":"2023-05-30T13:35:09","guid":{"rendered":"https:\/\/acaoparamita.com.br\/?page_id=9206"},"modified":"2024-03-01T19:03:56","modified_gmt":"2024-03-01T22:03:56","slug":"obrigado","status":"publish","type":"page","link":"https:\/\/acaoparamita.com.br\/en\/obrigado\/","title":{"rendered":"Obrigado!"},"content":{"rendered":"<div data-elementor-type=\"wp-page\" data-elementor-id=\"9206\" class=\"elementor elementor-9206\" data-elementor-post-type=\"page\">\n\t\t\t\t\t\t<section class=\"elementor-section elementor-top-section elementor-element elementor-element-7ecceb4 elementor-section-full_width elementor-section-height-default elementor-section-height-default\" data-id=\"7ecceb4\" data-element_type=\"section\" data-e-type=\"section\">\n\t\t\t\t\t\t<div class=\"elementor-container elementor-column-gap-default\">\n\t\t\t\t\t<div class=\"elementor-column elementor-col-50 elementor-top-column elementor-element elementor-element-7b6a759\" data-id=\"7b6a759\" data-element_type=\"column\" data-e-type=\"column\">\n\t\t\t<div class=\"elementor-widget-wrap elementor-element-populated\">\n\t\t\t\t\t\t\t<\/div>\n\t\t<\/div>\n\t\t\t\t<div class=\"elementor-column elementor-col-50 elementor-top-column elementor-element elementor-element-0f0f64e\" data-id=\"0f0f64e\" data-element_type=\"column\" data-e-type=\"column\">\n\t\t\t<div class=\"elementor-widget-wrap elementor-element-populated\">\n\t\t\t\t\t\t<div class=\"elementor-element elementor-element-a0865dd elementor-widget elementor-widget-heading\" data-id=\"a0865dd\" data-element_type=\"widget\" data-e-type=\"widget\" data-widget_type=\"heading.default\">\n\t\t\t\t<div class=\"elementor-widget-container\">\n\t\t\t\t\t<h3 class=\"elementor-heading-title elementor-size-default\">Dados e links<br> de acesso do retiro:<\/h3>\t\t\t\t<\/div>\n\t\t\t\t<\/div>\n\t\t\t\t<div class=\"elementor-element elementor-element-57356f1 elementor-widget elementor-widget-text-editor\" data-id=\"57356f1\" data-element_type=\"widget\" data-e-type=\"widget\" data-widget_type=\"text-editor.default\">\n\t\t\t\t<div class=\"elementor-widget-container\">\n\t\t\t\t\t\t\t\t\t<p>Clicando em <strong>My space<\/strong>, voc\u00ea ter\u00e1 acesso a todos os ensinamentos\u00a0 nos quais se inscreveu e \u00e0 P\u00e1gina de Acompanhamento deste evento. Voc\u00ea tamb\u00e9m receber\u00e1 a p\u00e1gina de acompanhamento via e-mail!<\/p>\t\t\t\t\t\t\t\t<\/div>\n\t\t\t\t<\/div>\n\t\t\t\t<div class=\"elementor-element elementor-element-56e3790 elementor-align-left elementor-widget elementor-widget-button\" data-id=\"56e3790\" data-element_type=\"widget\" data-e-type=\"widget\" data-widget_type=\"button.default\">\n\t\t\t\t<div class=\"elementor-widget-container\">\n\t\t\t\t\t\t\t\t\t<div class=\"elementor-button-wrapper\">\n\t\t\t\t\t<a class=\"elementor-button elementor-button-link elementor-size-sm elementor-animation-grow\" href=\"https:\/\/acaoparamita.com.br\/en\/minha-conta\/\" target=\"_blank\">\n\t\t\t\t\t\t<span class=\"elementor-button-content-wrapper\">\n\t\t\t\t\t\t\t\t\t<span class=\"elementor-button-text\">My space<\/span>\n\t\t\t\t\t<\/span>\n\t\t\t\t\t<\/a>\n\t\t\t\t<\/div>\n\t\t\t\t\t\t\t\t<\/div>\n\t\t\t\t<\/div>\n\t\t\t\t\t<\/div>\n\t\t<\/div>\n\t\t\t\t\t<\/div>\n\t\t<\/section>\n\t\t\t\t<\/div>","protected":false},"excerpt":{"rendered":"<p>Dados e links de acesso do retiro: Clicando em Meu Espa\u00e7o, voc\u00ea ter\u00e1 acesso a todos os ensinamentos\u00a0 nos quais se inscreveu e \u00e0 P\u00e1gina de Acompanhamento deste evento. Voc\u00ea tamb\u00e9m receber\u00e1 a p\u00e1gina de acompanhamento via e-mail! Meu Espa\u00e7o<\/p>","protected":false},"author":1,"featured_media":0,"parent":0,"menu_order":0,"comment_status":"closed","ping_status":"closed","template":"","meta":{"_themeisle_gutenberg_block_has_review":false,"footnotes":""},"class_list":["post-9206","page","type-page","status-publish","hentry"],"jetpack_sharing_enabled":true,"_links":{"self":[{"href":"https:\/\/acaoparamita.com.br\/en\/wp-json\/wp\/v2\/pages\/9206","targetHints":{"allow":["GET"]}}],"collection":[{"href":"https:\/\/acaoparamita.com.br\/en\/wp-json\/wp\/v2\/pages"}],"about":[{"href":"https:\/\/acaoparamita.com.br\/en\/wp-json\/wp\/v2\/types\/page"}],"author":[{"embeddable":true,"href":"https:\/\/acaoparamita.com.br\/en\/wp-json\/wp\/v2\/users\/1"}],"replies":[{"embeddable":true,"href":"https:\/\/acaoparamita.com.br\/en\/wp-json\/wp\/v2\/comments?post=9206"}],"version-history":[{"count":76,"href":"https:\/\/acaoparamita.com.br\/en\/wp-json\/wp\/v2\/pages\/9206\/revisions"}],"predecessor-version":[{"id":10858,"href":"https:\/\/acaoparamita.com.br\/en\/wp-json\/wp\/v2\/pages\/9206\/revisions\/10858"}],"wp:attachment":[{"href":"https:\/\/acaoparamita.com.br\/en\/wp-json\/wp\/v2\/media?parent=9206"}],"curies":[{"name":"wp","href":"https:\/\/api.w.org\/{rel}","templated":true}]}}