{"id":9657,"date":"2023-07-18T11:29:10","date_gmt":"2023-07-18T14:29:10","guid":{"rendered":"https:\/\/acaoparamita.com.br\/cart\/"},"modified":"2025-12-10T14:34:21","modified_gmt":"2025-12-10T17:34:21","slug":"revendo-inscricao","status":"publish","type":"page","link":"https:\/\/acaoparamita.com.br\/en\/revendo-inscricao\/","title":{"rendered":"Carrinho"},"content":{"rendered":"<div data-elementor-type=\"wp-page\" data-elementor-id=\"9657\" class=\"elementor elementor-9657\" data-elementor-post-type=\"page\">\n\t\t\t\t<div class=\"elementor-element elementor-element-12cf2ef9 e-con-full e-flex e-con e-parent\" data-id=\"12cf2ef9\" data-element_type=\"container\" data-e-type=\"container\">\n\t\t\t\t<\/div>\n\t\t\t\t<\/div>","protected":false},"excerpt":{"rendered":"<p>Remover item Imagem de miniatura Produto Pre\u00e7o Quantidade Subtotal &times; Palestra &#8220;Como ter tempo para ser feliz&#8221; CEBB SP (Presencial\/Desconto) &#82;&#36;0,00Edit price Palestra &quot;Como ter tempo para ser feliz&quot; CEBB SP (Presencial\/Desconto) quantidade &#82;&#36;0,00 &times; Retiro &#8220;Extraindo a Ess\u00eancia Vital da Realiza\u00e7\u00e3o \u2013 Instru\u00e7\u00f5es Para Retiro na Montanha&#8221; &#8211; CEBB CM &#82;&#36;0,00Edit price Retiro &quot;Extraindo [&hellip;]<\/p>\n","protected":false},"author":1,"featured_media":0,"parent":0,"menu_order":0,"comment_status":"closed","ping_status":"closed","template":"","meta":{"_themeisle_gutenberg_block_has_review":false,"footnotes":""},"class_list":["post-9657","page","type-page","status-publish","hentry"],"jetpack_sharing_enabled":true,"_links":{"self":[{"href":"https:\/\/acaoparamita.com.br\/en\/wp-json\/wp\/v2\/pages\/9657","targetHints":{"allow":["GET"]}}],"collection":[{"href":"https:\/\/acaoparamita.com.br\/en\/wp-json\/wp\/v2\/pages"}],"about":[{"href":"https:\/\/acaoparamita.com.br\/en\/wp-json\/wp\/v2\/types\/page"}],"author":[{"embeddable":true,"href":"https:\/\/acaoparamita.com.br\/en\/wp-json\/wp\/v2\/users\/1"}],"replies":[{"embeddable":true,"href":"https:\/\/acaoparamita.com.br\/en\/wp-json\/wp\/v2\/comments?post=9657"}],"version-history":[{"count":27,"href":"https:\/\/acaoparamita.com.br\/en\/wp-json\/wp\/v2\/pages\/9657\/revisions"}],"predecessor-version":[{"id":25958,"href":"https:\/\/acaoparamita.com.br\/en\/wp-json\/wp\/v2\/pages\/9657\/revisions\/25958"}],"wp:attachment":[{"href":"https:\/\/acaoparamita.com.br\/en\/wp-json\/wp\/v2\/media?parent=9657"}],"curies":[{"name":"wp","href":"https:\/\/api.w.org\/{rel}","templated":true}]}}