{"id":9659,"date":"2023-07-18T11:29:10","date_gmt":"2023-07-18T14:29:10","guid":{"rendered":"https:\/\/acaoparamita.com.br\/my-account\/"},"modified":"2024-06-07T14:54:16","modified_gmt":"2024-06-07T17:54:16","slug":"minha-conta","status":"publish","type":"page","link":"https:\/\/acaoparamita.com.br\/en\/minha-conta\/","title":{"rendered":"Meu espa\u00e7o"},"content":{"rendered":"<div data-elementor-type=\"wp-page\" data-elementor-id=\"9659\" class=\"elementor elementor-9659\" data-elementor-post-type=\"page\">\n\t\t\t\t<!-- dce invisible element 8501766 --><!-- dce invisible element 254e8cf -->\t\t<section class=\"elementor-section elementor-top-section elementor-element elementor-element-765d4caf elementor-section-boxed elementor-section-height-default elementor-section-height-default\" data-id=\"765d4caf\" data-element_type=\"section\" data-e-type=\"section\">\n\t\t\t\t\t\t<div class=\"elementor-container elementor-column-gap-default\">\n\t\t\t\t\t<div class=\"elementor-column elementor-col-100 elementor-top-column elementor-element elementor-element-4b0e382d\" data-id=\"4b0e382d\" data-element_type=\"column\" data-e-type=\"column\">\n\t\t\t<div class=\"elementor-widget-wrap elementor-element-populated\">\n\t\t\t\t\t\t<div class=\"elementor-element elementor-element-59fa5e7 e-my-account-tabs-vertical elementor-widget elementor-widget-woocommerce-my-account\" data-id=\"59fa5e7\" data-element_type=\"widget\" data-e-type=\"widget\" data-widget_type=\"woocommerce-my-account.default\">\n\t\t\t\t<div class=\"elementor-widget-container\">\n\t\t\t\t\t<div class=\"e-my-account-tab e-my-account-tab__\">\t\t\t<div class=\"woocommerce\"><\/div>\t\t<\/div>\n\t\t\t\t\t\t<\/div>\n\t\t\t\t<\/div>\n\t\t\t\t\t<\/div>\n\t\t<\/div>\n\t\t\t\t\t<\/div>\n\t\t<\/section>\n\t\t<!-- dce invisible element b5f2b93 -->\t\t<\/div>","protected":false},"excerpt":{"rendered":"<p>Meu Espa\u00e7o P\u00e1ginas de Acompanhamento Acesse as grava\u00e7\u00f5es e demais informa\u00e7\u00f5es sobre eventos que voc\u00ea j\u00e1 est\u00e1 inscrito. Clique aqui Linhas Tem\u00e1ticas Contemple a riqueza dos ensinamentos passados atrav\u00e9s de v\u00eddeos, \u00e1udios e textos. Clique aqui Pr\u00f3ximos eventos Inscreva-se nos pr\u00f3ximos eventos on-line com o Lama Padma Samten Clique aqui Painel de controle Pedidos P\u00e1ginas [&hellip;]<\/p>\n","protected":false},"author":1,"featured_media":0,"parent":0,"menu_order":0,"comment_status":"closed","ping_status":"closed","template":"","meta":{"_themeisle_gutenberg_block_has_review":false,"footnotes":""},"class_list":["post-9659","page","type-page","status-publish","hentry"],"jetpack_sharing_enabled":true,"_links":{"self":[{"href":"https:\/\/acaoparamita.com.br\/en\/wp-json\/wp\/v2\/pages\/9659","targetHints":{"allow":["GET"]}}],"collection":[{"href":"https:\/\/acaoparamita.com.br\/en\/wp-json\/wp\/v2\/pages"}],"about":[{"href":"https:\/\/acaoparamita.com.br\/en\/wp-json\/wp\/v2\/types\/page"}],"author":[{"embeddable":true,"href":"https:\/\/acaoparamita.com.br\/en\/wp-json\/wp\/v2\/users\/1"}],"replies":[{"embeddable":true,"href":"https:\/\/acaoparamita.com.br\/en\/wp-json\/wp\/v2\/comments?post=9659"}],"version-history":[{"count":88,"href":"https:\/\/acaoparamita.com.br\/en\/wp-json\/wp\/v2\/pages\/9659\/revisions"}],"predecessor-version":[{"id":13538,"href":"https:\/\/acaoparamita.com.br\/en\/wp-json\/wp\/v2\/pages\/9659\/revisions\/13538"}],"wp:attachment":[{"href":"https:\/\/acaoparamita.com.br\/en\/wp-json\/wp\/v2\/media?parent=9659"}],"curies":[{"name":"wp","href":"https:\/\/api.w.org\/{rel}","templated":true}]}}