{"id":9878,"date":"2023-08-14T10:39:27","date_gmt":"2023-08-14T13:39:27","guid":{"rendered":"https:\/\/acaoparamita.com.br\/?page_id=9878"},"modified":"2023-08-14T21:59:22","modified_gmt":"2023-08-15T00:59:22","slug":"retiro-de-inverno-no-cebb-alto-paraiso-caminho-da-acao-no-mundo","status":"publish","type":"page","link":"https:\/\/acaoparamita.com.br\/en\/retiro-de-inverno-no-cebb-alto-paraiso-caminho-da-acao-no-mundo\/","title":{"rendered":"Retiro de Inverno no CEBB Alto Para\u00edso | Caminho da A\u00e7\u00e3o no Mundo"},"content":{"rendered":"<h1 class=\"wp-block-heading\"><strong>21 a 30 de julho 2023&nbsp;&nbsp; \u2013 Presencial e Online<\/strong><\/h1>\n\n\n\n<!--more-->\n\n\n\n<p><em>\u201cA maturidade da pr\u00e1tica se amplia justo quando nos defrontamos com as realidades circundantes que nos invadem e demandam respostas. Nesse retiro o foco ser\u00e1 aprofundar nossa compreens\u00e3o e nossa pr\u00e1tica e produzir resultados enquanto a transforma\u00e7\u00e3o de nossos mundos, de nossa vis\u00e3o e de nossos rumos. Todos os seres t\u00eam a habilidade de construir mundos e realidades, agora \u00e9 o tempo da constru\u00e7\u00e3o das terras puras.\u201d <\/em>&nbsp;<em>Lama Padma Samten<\/em><\/p>\n\n\n\n<p>Com muita alegria convidamos toda a sanga para um retiro PRESENCIAL &nbsp;e ONLINE com o nosso Lama Padma Samten em Alto Para\u00edso.&nbsp;Viveremos dez dias de imers\u00e3o em um retiro de instru\u00e7\u00e3o e pr\u00e1tica. Teremos pujas pela manh\u00e3 e \u00e0 noite, tamb\u00e9m sess\u00f5es de medita\u00e7\u00e3o em sil\u00eancio. Eventualmente haver\u00e1 a oportunidade de ajudar em pequenas tarefas de trabalho em alguns momentos do dia. O Lama Samten oferecer\u00e1 ensinamentos em per\u00edodos pela manh\u00e3, \u00e0 tarde e sess\u00f5es de perguntas e respostas \u00e0 noite.&nbsp;Vamos usufruir de alimenta\u00e7\u00e3o desintoxicante no ambiente m\u00e1gico do CEBB Alto Para\u00edso, junto ao Parque Nacional da Chapada dos Veadeiros.<\/p>\n\n\n\n<p>Local:&nbsp;Templo CEBB Alto Para\u00edso \u2013 Rodovia GO 239 km 56 \u2013 Aldeia CEBB Alto Para\u00edso \u2013 Alto Para\u00edso de Goi\u00e1s \u2013 GO<\/p>\n\n\n\n<p><strong>Localiza\u00e7\u00e3o: https:\/\/goo.gl\/maps\/qrsVDJYx5uxMVeUD6<\/strong><\/p>\n\n\n\n<h2 class=\"wp-block-heading\"><strong>Programa\u00e7\u00e3o do Retiro<\/strong><\/h2>\n\n\n\n<p>Os hor\u00e1rios e a programa\u00e7\u00e3o dos retiros est\u00e3o sujeitos a altera\u00e7\u00f5es<\/p>\n\n\n\n<p>In\u00edcio: 21\/07\/23 in\u00edcio 19h<br>De 22 a 29\/07<br>9h \u00e0s 12h : Medita\u00e7\u00e3o e ensinamentos<br>14h \u00e0s 17h : Medita\u00e7\u00e3o e ensinamentos<br>19h Puja seguido de Perguntas e Respostas<br>T\u00e9rmino: 30\/07\/23 \u00e0s 12h<\/p>\n\n\n\n<p>Os pujas pela manh\u00e3 (6h) s\u00e3o feitos pelos facilitadores e sem transmiss\u00e3o on-line<br>A participa\u00e7\u00e3o presencial ser\u00e1 limitada, para permitir melhor acomoda\u00e7\u00e3o de todos.<\/p>\n\n\n\n<h2 class=\"wp-block-heading\"><strong>Inscri\u00e7\u00e3o e Pr\u00e1tica de Generosidade<\/strong><\/h2>\n\n\n\n<p>Para contribui\u00e7\u00f5es para o RETIRO PRESENCIAL, os valores s\u00e3o:<br>R$ 1.250,00 com&nbsp; alojamento e alimenta\u00e7\u00e3o<br>R$ 890,00 com refei\u00e7\u00f5es e sem alojamento<br>R$ 630,00&nbsp; sem refei\u00e7\u00e3o e sem alojamento<br>R$ 125,00 a di\u00e1ria<\/p>\n\n\n\n<p>Conta CEBB Alto Para\u00edso&nbsp;<strong>(somente presencial)<\/strong><br>CNPJ 15.585.721\/0001-88<br>Banco do Brasil \u2013 Ag\u00eancia 4546-2&nbsp; Conta poupan\u00e7a 10.906-1 varia\u00e7\u00e3o 51<br>Chave pix email: cebbaldeia.ap@gmail.com<br>A confirma\u00e7\u00e3o da inscri\u00e7\u00e3o ser\u00e1 feita ap\u00f3s o recebimento do comprovante de contribui\u00e7\u00e3o.<\/p>\n\n\n\n<h4 class=\"wp-block-heading\"><a href=\"https:\/\/forms.gle\/RQEDNL194kSMYMSx8\"><strong>Inscri\u00e7\u00e3o PRESENCIAL (clique aqui)<\/strong><\/a><\/h4>\n\n\n\n<h2 class=\"wp-block-heading\"><strong>RETIRO ONLINE<\/strong><\/h2>\n\n\n\n<p>Haver\u00e1 tamb\u00e9m transmiss\u00e3o ONLINE. Sua inscri\u00e7\u00e3o e acesso online ao retiro de 10 dias independe de contribui\u00e7\u00e3o financeira. Caso lhe seja poss\u00edvel contribuir, o valor sugerido \u00e9 de R$ 700,00. Inscreva-se e tenha acesso \u00e0 grava\u00e7\u00e3o dos ensinamentos. Sugerimos que quem estiver com sintomas gripais assista \u00e0 transmiss\u00e3o online.<\/p>\n\n\n\n<p>Fa\u00e7a sua contribui\u00e7\u00e3o na conta A\u00e7\u00e3o Paramita&nbsp;<strong>(somente online)<\/strong>:<br>PIX: CNPJ 34.079.867\/0001-04<br>Banco do Brasil (001)<br>Ag\u00eancia: 0628-9<br>Conta corrente: 108999-4<\/p>\n\n\n\n<p>Sua contribui\u00e7\u00e3o apoiar\u00e1 o CEBB Alto Para\u00edso e as atividades do Lama Padma Samten.<br>A pr\u00e1tica da Dana Paramita \u2013 perfei\u00e7\u00e3o da generosidade \u2013 torna poss\u00edvel a continuidade dos ensinamentos desde os tempos do Buda. As seis paramitas \u2013 generosidade, moralidade, paz, energia constante, concentra\u00e7\u00e3o e sabedoria \u2013 inspiram a pr\u00e1tica e s\u00e3o a base geradora e sustentadora dos centros de estudos, medita\u00e7\u00e3o, acolhimento e das iniciativas de educa\u00e7\u00e3o, prote\u00e7\u00e3o ambiental, Terras Puras e Cultura de Paz da Sanga CEBB.<\/p>\n\n\n\n<h3 class=\"wp-block-heading\"><strong>Transmiss\u00e3o ONLINE<\/strong><\/h3>\n\n\n\n<p>O retiro ocorrer\u00e1 por transmiss\u00e3o online direta do Templo CEBB, pelo Zoom e pelo canal Youtube do Lama Padma Samten.Os links para acompanhar a transmiss\u00e3o online (ZOOM e YOUTUBE) ser\u00e3o enviados por um email-resposta ap\u00f3s o envio do formul\u00e1rio de inscri\u00e7\u00e3o.Caso n\u00e3o encontre o email-resposta em sua caixa de entrada, VERIFIQUE NA CAIXA DE SPAM ou em \u201cPROMO\u00c7\u00d5ES\u201d e marque como n\u00e3o-spam (caso esteja no SPAM).<\/p>\n\n\n\n<h4 class=\"wp-block-heading\"><a href=\"https:\/\/forms.gle\/bRq3cGCgu9NjY3gN7\"><strong>Inscri\u00e7\u00e3o ONLINE (clique aqui)<\/strong><\/a><\/h4>\n\n\n\n<h3 class=\"wp-block-heading\"><strong>Resumo e Contatos<\/strong><\/h3>\n\n\n\n<p>O qu\u00ea&nbsp;| Retiro de Inverno 2023 \u2013 Alto Para\u00edso &#8211; Presencial e Online com Lama Padma Samten<br>Tema&nbsp;|&nbsp;<strong>Caminho da A\u00e7\u00e3o no Mundo<\/strong><br>Dias&nbsp;| 21 a 30 de Julho de 2023<br>Local:&nbsp;Templo CEBB Alto Para\u00edso \u2013 Rodovia GO 239 km 56 \u2013 Aldeia CEBB Alto Para\u00edso \u2013 Alto Para\u00edso de Goi\u00e1s \u2013 GO<br>Organiza\u00e7\u00e3o&nbsp;| CEBBs do Centro Oeste (Bras\u00edlia, Goi\u00e2nia, Alto Para\u00edso, GEBB Jata\u00ed)<\/p>\n\n\n\n<p>Se tiver d\u00favidas, entre em contato conosco, escreva para&nbsp;cebbaldeia.ap@gmail.com&nbsp;ou pelo WhatsApp Inez em (61)&nbsp;99954-1400 e Vivi (11) 9744-68375<\/p>","protected":false},"excerpt":{"rendered":"<p>21 a 30 de julho 2023&nbsp;&nbsp; \u2013 Presencial e Online<\/p>","protected":false},"author":54,"featured_media":9879,"parent":0,"menu_order":0,"comment_status":"closed","ping_status":"closed","template":"","meta":{"_themeisle_gutenberg_block_has_review":false,"footnotes":""},"class_list":["post-9878","page","type-page","status-publish","has-post-thumbnail","hentry"],"jetpack_sharing_enabled":true,"_links":{"self":[{"href":"https:\/\/acaoparamita.com.br\/en\/wp-json\/wp\/v2\/pages\/9878","targetHints":{"allow":["GET"]}}],"collection":[{"href":"https:\/\/acaoparamita.com.br\/en\/wp-json\/wp\/v2\/pages"}],"about":[{"href":"https:\/\/acaoparamita.com.br\/en\/wp-json\/wp\/v2\/types\/page"}],"author":[{"embeddable":true,"href":"https:\/\/acaoparamita.com.br\/en\/wp-json\/wp\/v2\/users\/54"}],"replies":[{"embeddable":true,"href":"https:\/\/acaoparamita.com.br\/en\/wp-json\/wp\/v2\/comments?post=9878"}],"version-history":[{"count":2,"href":"https:\/\/acaoparamita.com.br\/en\/wp-json\/wp\/v2\/pages\/9878\/revisions"}],"predecessor-version":[{"id":9898,"href":"https:\/\/acaoparamita.com.br\/en\/wp-json\/wp\/v2\/pages\/9878\/revisions\/9898"}],"wp:featuredmedia":[{"embeddable":true,"href":"https:\/\/acaoparamita.com.br\/en\/wp-json\/wp\/v2\/media\/9879"}],"wp:attachment":[{"href":"https:\/\/acaoparamita.com.br\/en\/wp-json\/wp\/v2\/media?parent=9878"}],"curies":[{"name":"wp","href":"https:\/\/api.w.org\/{rel}","templated":true}]}}