{"id":9903,"date":"2023-08-14T11:25:55","date_gmt":"2023-08-14T14:25:55","guid":{"rendered":"https:\/\/acaoparamita.com.br\/?page_id=9903"},"modified":"2023-08-14T13:06:08","modified_gmt":"2023-08-14T16:06:08","slug":"palestra-e-retiro-com-lama-padma-samten-cebb-pelotas","status":"publish","type":"page","link":"https:\/\/acaoparamita.com.br\/en\/palestra-e-retiro-com-lama-padma-samten-cebb-pelotas\/","title":{"rendered":"Retiro A cura atrav\u00e9s da energia | CEBB Pelotas"},"content":{"rendered":"\n<p><strong>Com muita alegria anunciamos a presen\u00e7a do nosso querido Lama Padma Samten nos dias 26, 27 e 28 de maio em Pelotas.<\/strong><\/p>\n\n\n\n<!--more-->\n\n\n\n<p>Saudade dos encontros presenciais! Rara oportunidade de estar junto ao Lama e toda a sanga! Dois momentos para ouvir os preciosos ensinamentos. Palestra no dia 26 de maio e retiro nos dias 27 e 28 de maio. Os dois eventos acontecer\u00e3o de forma presencial e on-line. N\u00e3o h\u00e1 pr\u00e9-requisitos para participar. Estes eventos s\u00e3o organizados pelo CEBB Pelotas e a <a href=\"https:\/\/www.acaoparamita.com.br\" target=\"_blank\" rel=\"noreferrer noopener\">A\u00e7\u00e3o Paramita<\/a>.<\/p>\n\n\n\n<hr class=\"wp-block-separator has-alpha-channel-opacity\"\/>\n\n\n\n<h3 class=\"wp-block-heading\">Palestra: Sabedorias para a Vida em Meio ao Mundo<\/h3>\n\n\n\n<p><em>Somos constantemente desafiados pelas circunst\u00e2ncias da vida sem mesmo nem entender como chegamos ao mundo e para onde partiremos depois. A sabedoria milenar budista nos ajuda a compreender nosso destino, nossas capacidades e a acessar internamente as dimens\u00f5es da realidade atemporal. \u00c9 deste lugar que surge a capacidade l\u00facida de viver a vida que pulsa em n\u00f3s e ao nosso redor.<\/em><\/p>\n\n\n\n<h6 class=\"wp-block-heading\">Quando? Dia 26 de maio \u00e0s 20h (sexta-feira)<\/h6>\n\n\n\n<p>Onde? Audit\u00f3rio do conservat\u00f3rio de m\u00fasica da UFPel<br>Rua F\u00e9lix da Cunha, 651<br>Centro \u2500 Pelotas | <a href=\"https:\/\/goo.gl\/maps\/4gw4mqxPEyZaee1g6\" target=\"_blank\" rel=\"noreferrer noopener\">Clique aqui para ver o local no mapa<\/a><\/p>\n\n\n\n<p>A sustenta\u00e7\u00e3o das atividades do CEBB no Brasil todo \u00e9 realizada unicamente pelo meio tradicional de sustenta\u00e7\u00e3o das sangas budistas: a doa\u00e7\u00e3o espont\u00e2nea dos seus frequentadores. Ao mesmo tempo, praticamos o princ\u00edpio de que ningu\u00e9m deve deixar de ter acesso aos ensinamentos por limita\u00e7\u00f5es financeiras. Entre em contato conosco.<\/p>\n\n\n\n<h6 class=\"wp-block-heading\">Inscri\u00e7\u00f5es para participa\u00e7\u00e3o presencial<\/h6>\n\n\n\n<p>\u00b9 Contribui\u00e7\u00e3o sugerida: R$ 50,00;<br>\u00b2 Inscri\u00e7\u00f5es antecipadas via WhatsApp pelo n\u00famero <a href=\"https:\/\/wa.me\/5553981252031\" target=\"_blank\" rel=\"noreferrer noopener\">(53) 98125-2031<\/a> ou presencialmente no dia e local da palestra;<br>\u00b3 Sugerimos chegar com 30 minutos de anteced\u00eancia;<br>\u2074 Vagas limitadas.<\/p>\n\n\n\n<h6 class=\"wp-block-heading\">Inscri\u00e7\u00f5es para participa\u00e7\u00e3o online<br>[su_button url=&#8221;https:\/\/forms.gle\/NToGBfSjTSDrYXNk6&#8243; target=&#8221;blank&#8221; background=&#8221;#8b0030&#8243;]Clique aqui[\/su_button]<\/h6>\n\n\n\n<hr class=\"wp-block-separator has-alpha-channel-opacity\"\/>\n\n\n\n<h3 class=\"wp-block-heading\">Retiro: A cura atrav\u00e9s da energia<\/h3>\n\n\n\n<p><em>A energia \u00e9 a subst\u00e2ncia real de todos os seres e de todas as apar\u00eancias. \u00c9 o que h\u00e1 de mais \u00edntimo em n\u00f3s. A vida e a morte surgem como flutua\u00e7\u00f5es da energia. Como localizar, pacificar, curar e dirigir a energia que nos anima?<\/em><\/p>\n\n\n\n<h6 class=\"wp-block-heading\">Quando? Dias 27 e 28 de maio (s\u00e1bado e domingo)<\/h6>\n\n\n\n<p>Onde? Casa Prana<br>Rua F\u00e9lix da Cunha, 468<br>Centro \u2500 Pelotas | <a href=\"https:\/\/goo.gl\/maps\/oV5pp8aexX9YQANA7\" target=\"_blank\" rel=\"noreferrer noopener\">Clique aqui para ver o local no mapa<\/a><\/p>\n\n\n\n<p>A sustenta\u00e7\u00e3o das atividades do CEBB no Brasil todo \u00e9 realizada unicamente pelo meio tradicional de sustenta\u00e7\u00e3o das sangas budistas: a doa\u00e7\u00e3o espont\u00e2nea dos seus frequentadores. Ao mesmo tempo, praticamos o princ\u00edpio de que ningu\u00e9m deve deixar de ter acesso aos ensinamentos por limita\u00e7\u00f5es financeiras. Entre em contato conosco.<\/p>\n\n\n\n<h6 class=\"wp-block-heading\">Inscri\u00e7\u00f5es para participa\u00e7\u00e3o presencial<\/h6>\n\n\n\n<p>\u00b9 Contribui\u00e7\u00e3o sugerida: R$ 250,00;<br>\u00b2 Inscri\u00e7\u00f5es antecipadas via WhatsApp pelo n\u00famero <a href=\"https:\/\/wa.me\/5553981252031\" target=\"_blank\" rel=\"noreferrer noopener\">(53) 98125-2031<\/a> ou presencialmente no dia e no local do retiro, caso hajam vagam dispon\u00edveis.<\/p>\n\n\n\n<h6 class=\"wp-block-heading\">Inscri\u00e7\u00f5es para participa\u00e7\u00e3o online<br>[su_button url=&#8221;https:\/\/forms.gle\/zntPiHY9D5fGsnP26&#8243; target=&#8221;blank&#8221; background=&#8221;#8b0030&#8243;]Clique aqui[\/su_button]<\/h6>\n\n\n\n<h5 class=\"wp-block-heading\">Programa\u00e7\u00e3o do retiro<\/h5>\n\n\n\n<p><strong>S\u00e1bado:<\/strong><br>9h \u00e0s 12h | Ensinamentos<br>14h \u00e0s 15h | Medita\u00e7\u00e3o<br>15h \u00e0s 17h | Ensinamentos<br>19h \u00e0s 20h | Acumula\u00e7\u00f5es de pr\u00e1tica<br>20h \u00e0s 21h30 | Perguntas e respostas<\/p>\n\n\n\n<p><strong>Domingo:<\/strong><br>9h \u00e0s 12h | Ensinamentos<br>12h | Encerramento do retiro<\/p>\n","protected":false},"excerpt":{"rendered":"<p>Com muita alegria anunciamos a presen\u00e7a do nosso querido Lama Padma Samten nos dias 26, 27 e 28 de maio em Pelotas.<\/p>","protected":false},"author":54,"featured_media":9908,"parent":0,"menu_order":0,"comment_status":"closed","ping_status":"closed","template":"","meta":{"_themeisle_gutenberg_block_has_review":false,"footnotes":""},"class_list":["post-9903","page","type-page","status-publish","has-post-thumbnail","hentry"],"jetpack_sharing_enabled":true,"_links":{"self":[{"href":"https:\/\/acaoparamita.com.br\/en\/wp-json\/wp\/v2\/pages\/9903","targetHints":{"allow":["GET"]}}],"collection":[{"href":"https:\/\/acaoparamita.com.br\/en\/wp-json\/wp\/v2\/pages"}],"about":[{"href":"https:\/\/acaoparamita.com.br\/en\/wp-json\/wp\/v2\/types\/page"}],"author":[{"embeddable":true,"href":"https:\/\/acaoparamita.com.br\/en\/wp-json\/wp\/v2\/users\/54"}],"replies":[{"embeddable":true,"href":"https:\/\/acaoparamita.com.br\/en\/wp-json\/wp\/v2\/comments?post=9903"}],"version-history":[{"count":2,"href":"https:\/\/acaoparamita.com.br\/en\/wp-json\/wp\/v2\/pages\/9903\/revisions"}],"predecessor-version":[{"id":9921,"href":"https:\/\/acaoparamita.com.br\/en\/wp-json\/wp\/v2\/pages\/9903\/revisions\/9921"}],"wp:featuredmedia":[{"embeddable":true,"href":"https:\/\/acaoparamita.com.br\/en\/wp-json\/wp\/v2\/media\/9908"}],"wp:attachment":[{"href":"https:\/\/acaoparamita.com.br\/en\/wp-json\/wp\/v2\/media?parent=9903"}],"curies":[{"name":"wp","href":"https:\/\/api.w.org\/{rel}","templated":true}]}}