{"id":9909,"date":"2023-08-14T12:19:36","date_gmt":"2023-08-14T15:19:36","guid":{"rendered":"https:\/\/acaoparamita.com.br\/?page_id=9909"},"modified":"2023-08-14T13:06:43","modified_gmt":"2023-08-14T16:06:43","slug":"refugio-nas-tres-joias-clareza-e-confianca-no-caminho","status":"publish","type":"page","link":"https:\/\/acaoparamita.com.br\/en\/refugio-nas-tres-joias-clareza-e-confianca-no-caminho\/","title":{"rendered":"Retiro Ref\u00fagio nas tr\u00eas j\u00f3ias \u2013 clareza e confian\u00e7a no caminho | CEBB Sukhavati"},"content":{"rendered":"<p><em>&#8220;Quando estamos imersos em meio \u00e0s nossas atividades cotidianas, vemos que elas ocupam a nossa mente, nos arrastam de um lado para o outro, mobilizam nossa energia. Ao tomarmos ref\u00fagio nas tr\u00eas j\u00f3ias, todos esses aspectos mudam instantaneamente de significado, ent\u00e3o passamos a ver a realidade de modo mais amplo e repousamos na natureza livre e l\u00facida de nossa mente.&#8221;<\/em><\/p>\n\n\n\n<p><strong>29 de abril a 1\u00ba de maio (s\u00e1bado, domingo e segunda at\u00e9 o almo\u00e7o)<\/strong>&nbsp;<\/p>\n\n\n\n<p><strong>Programa\u00e7\u00e3o:<\/strong><\/p>\n\n\n\n<p>29 abril (S\u00e1bado)<br>7h30 \u00e0s 8h45 &#8211; check-in<br>9h \u2013 Ensinamentos<br>12h \u2013 Almo\u00e7o<br>12h45 \u2013 Atividades volunt\u00e1rias e descanso<br>14h &#8211; Medita\u00e7\u00e3o<br>15h \u2013Ensinamentos<br>17h \u2013 Atividades de corpo<br>18h \u2013 Jantar<br>19h \u2013 Puja<br>20h \u2013 Pr\u00e1ticas de Medita\u00e7\u00e3o e Estudo<br>21h30 \u2013 Descanso<\/p>\n\n\n\n<p>30 abril (Domingo)<br>5h30 \u2013 Medita\u00e7\u00e3o<br>6h15 \u2013 Puja Chuva de B\u00ean\u00e7\u00e3os<br>7h \u2013 Caf\u00e9 da manh\u00e3<br>7h45 \u2013 Atividades volunt\u00e1rias e descanso<br>8h &#8211; Medita\u00e7\u00e3o<br>9h \u2013 Ensinamentos<br>12h \u2013 Almo\u00e7o<br>12h45 \u2013 Atividades volunt\u00e1rias e descanso<br>14h &#8211; Medita\u00e7\u00e3o<br>15h \u2013Ensinamentos<br>17h \u2013 Atividades de corpo<br>18h \u2013 Jantar<br>19h \u2013 Puja<br>20h \u2013 Pr\u00e1ticas de Medita\u00e7\u00e3o e Estudo<br>21h30 \u2013 Descanso<\/p>\n\n\n\n<p>(01\/05) Segunda<br>5h30 \u2013 Medita\u00e7\u00e3o<br>6h15 \u2013 Puja Chuva de B\u00ean\u00e7\u00e3os<br>7h \u2013 Caf\u00e9 da manh\u00e3<br>7h45 \u2013 Atividades volunt\u00e1rias e descanso<br>8h &#8211; Medita\u00e7\u00e3o<br>9h \u2013 Ensinamentos<br>12h \u2013 Almo\u00e7o<br>12h45 \u2013 Atividades volunt\u00e1rias e despedida<br>(Os hor\u00e1rios do retiro est\u00e3o sujeitos a altera\u00e7\u00f5es)<\/p>\n\n\n\n<p>Para a inscri\u00e7\u00e3o neste retiro teremos tr\u00eas modalidades de hospedagem, uma sem hospedagem e apenas online:<\/p>\n\n\n\n<ul class=\"wp-block-list\">\n<li>OP\u00c7\u00c3O 1: Colabora\u00e7\u00e3o sugerida de R$ 520,00 (hospedagem em beliche em dormit\u00f3rio coletivo) &gt; Sinal de R$ 100 na inscri\u00e7\u00e3o, trazer R$ 420 no dia do evento.<\/li>\n\n\n\n<li>OP\u00c7\u00c3O 2: Colabora\u00e7\u00e3o sugerida de R$ 480,00 (hospedagem em zabuton &nbsp;\u2013 colchonete no ch\u00e3o dentro do templo) &gt; Sinal de R$ 100 na inscri\u00e7\u00e3o, trazer R$ 380 no dia do evento.<\/li>\n\n\n\n<li>OP\u00c7\u00c3O 3: Colabora\u00e7\u00e3o sugerida de R$ 480,00 (hospedagem na sua barraca) &gt; Sinal de R$ 100 na inscri\u00e7\u00e3o, trazer R$ 380 no dia do evento.<\/li>\n\n\n\n<li>OP\u00c7\u00c3O 4: Colabora\u00e7\u00e3o sugerida de R$ 440,00 (sem hospedagem) &gt; Sinal de R$ 100 na inscri\u00e7\u00e3o, trazer R$ 340 no dia do evento<\/li>\n\n\n\n<li>Apenas online: Colabora\u00e7\u00e3o sugerida de R$ 200,00<\/li>\n<\/ul>\n\n\n\n<p>A sustenta\u00e7\u00e3o das atividades do CEBB no Brasil todo \u00e9 realizada unicamente pelo meio tradicional de sustenta\u00e7\u00e3o das sangas budistas: a doa\u00e7\u00e3o espont\u00e2nea dos seus frequentadores. Ao mesmo tempo, praticamos o princ\u00edpio de que ningu\u00e9m deve deixar de ter acesso ao Darma por limita\u00e7\u00f5es financeiras. Escreva para: <a href=\"mailto:cebbsukhavati@gmail.com\">cebbsukhavati@gmail.com<\/a><\/p>\n\n\n\n<p>Para sua inscri\u00e7\u00e3o (confirma\u00e7\u00e3o da vaga) \u00e9 necess\u00e1rio o dep\u00f3sito do sinal conforme acima. Pedimos que o restante seja pago no dia do evento, com dinheiro (favor trazer trocado) ou cheque no momento do check-in. N\u00e3o ser\u00e3o aceitas outras formas de pagamento.<\/p>\n\n\n\n<hr class=\"wp-block-separator has-alpha-channel-opacity\"\/>\n\n\n\n<p><strong>DADOS BANC\u00c1RIOS PARA DEP\u00d3SITO<br><\/strong>Aten\u00e7\u00e3o: depositar apenas o sinal de R$ 100, o restante do valor dever\u00e1 ser pago no dia do evento em dinheiro ou cheque.<\/p>\n\n\n\n<p>Pix (email) <a href=\"mailto:financeiro.cebbsukhavati@gmail.com\">financeiro.cebbsukhavati@gmail.com<\/a><\/p>\n\n\n\n<p>ou CEF Ag 2252 Opera\u00e7\u00e3o : 013 Conta 4624-6<br>Favorecido: CEBB \u2013 Centro de Estudos Budistas Bodisatva<br>CNPJ 02.779.838\/0001-50<\/p>\n\n\n\n<p><strong>INSCRI\u00c7\u00d5ES PARA RETIRO PRESENCIAL:<\/strong><\/p>\n\n\n\n<p><a href=\"https:\/\/bit.ly\/retiro_lama23\">PRESENCIAL &#8211; RETIRO NO CEBB SUKHAVATI &#8211; INSCRI\u00c7\u00c3O<\/a><\/p>\n\n\n\n<h3 class=\"wp-block-heading\">Transmiss\u00e3o ONLINE<\/h3>\n\n\n\n<p>O retiro ocorrer\u00e1 por transmiss\u00e3o online direta do CEBB Sukhavati, pelo Zoom e pelo canal Youtube do Lama Padma Samten.<br><strong>O link para a p\u00e1gina de acompanhamento do retiro, onde ser\u00e3o informados os links de cada per\u00edodo do retiro, ser\u00e1 enviado por um email-resposta ap\u00f3s o envio do formul\u00e1rio de inscri\u00e7\u00e3o.<\/strong><br>Caso n\u00e3o encontre o email-resposta em sua caixa de entrada, VERIFIQUE NA CAIXA DE SPAM ou em \u201cPROMO\u00c7\u00d5ES\u201d e marque como n\u00e3o-spam (caso esteja no SPAM). Pode ser \u00fatil incluir o endere\u00e7o (<a href=\"mailto:cebbsukhavati@gmail.com\">cebbsukhavati@gmail.com<\/a>) na sua lista de contatos.<\/p>\n\n\n\n<p><a href=\"https:\/\/bit.ly\/refugio3joias_online\">ONLINE &#8211; INSCRI\u00c7\u00c3O PARA RETIRO<\/a><\/p>\n\n\n\n<p>E Ma Ho!<br><strong>Mandala Comunica\u00e7\u00e3o<br><\/strong>CEBB Curitiba e Sukhavati<\/p>\n\n\n\n<h3 class=\"wp-block-heading\">Compartilhe esse conte\u00fado para chegar a mais pessoas<\/h3>","protected":false},"excerpt":{"rendered":"<p>&#8220;Quando estamos imersos em meio \u00e0s nossas atividades cotidianas, vemos que elas ocupam a nossa mente, nos arrastam de um lado para o outro, mobilizam nossa energia. Ao tomarmos ref\u00fagio nas tr\u00eas j\u00f3ias, todos esses aspectos mudam instantaneamente de significado, ent\u00e3o passamos a ver a realidade de modo mais amplo e repousamos na natureza livre [&hellip;]<\/p>\n","protected":false},"author":54,"featured_media":9912,"parent":0,"menu_order":0,"comment_status":"closed","ping_status":"closed","template":"","meta":{"_themeisle_gutenberg_block_has_review":false,"footnotes":""},"class_list":["post-9909","page","type-page","status-publish","has-post-thumbnail","hentry"],"jetpack_sharing_enabled":true,"_links":{"self":[{"href":"https:\/\/acaoparamita.com.br\/en\/wp-json\/wp\/v2\/pages\/9909","targetHints":{"allow":["GET"]}}],"collection":[{"href":"https:\/\/acaoparamita.com.br\/en\/wp-json\/wp\/v2\/pages"}],"about":[{"href":"https:\/\/acaoparamita.com.br\/en\/wp-json\/wp\/v2\/types\/page"}],"author":[{"embeddable":true,"href":"https:\/\/acaoparamita.com.br\/en\/wp-json\/wp\/v2\/users\/54"}],"replies":[{"embeddable":true,"href":"https:\/\/acaoparamita.com.br\/en\/wp-json\/wp\/v2\/comments?post=9909"}],"version-history":[{"count":5,"href":"https:\/\/acaoparamita.com.br\/en\/wp-json\/wp\/v2\/pages\/9909\/revisions"}],"predecessor-version":[{"id":9923,"href":"https:\/\/acaoparamita.com.br\/en\/wp-json\/wp\/v2\/pages\/9909\/revisions\/9923"}],"wp:featuredmedia":[{"embeddable":true,"href":"https:\/\/acaoparamita.com.br\/en\/wp-json\/wp\/v2\/media\/9912"}],"wp:attachment":[{"href":"https:\/\/acaoparamita.com.br\/en\/wp-json\/wp\/v2\/media?parent=9909"}],"curies":[{"name":"wp","href":"https:\/\/api.w.org\/{rel}","templated":true}]}}