{"id":12292,"date":"2024-04-22T16:11:26","date_gmt":"2024-04-22T19:11:26","guid":{"rendered":"https:\/\/acaoparamita.com.br\/?post_type=product&#038;p=12292"},"modified":"2024-04-22T16:29:05","modified_gmt":"2024-04-22T19:29:05","slug":"seculo-xxi-visao-meditacao-acao-no-mundo-budismo","status":"publish","type":"product","link":"https:\/\/acaoparamita.com.br\/en\/ensinamentos\/seculo-xxi-visao-meditacao-acao-no-mundo-budismo\/","title":{"rendered":"Inscri\u00e7\u00e3o para o Retiro &#8220;S\u00e9culo XXI \u2013 Vis\u00e3o, Medita\u00e7\u00e3o e A\u00e7\u00e3o no Budismo&#8221; | 03 a 05.05 de 2024"},"content":{"rendered":"<p><em>Esta p\u00e1gina \u00e9 referente apenas ao retiro on-line.<\/em><br \/>\n<strong><b>Period: <\/b><\/strong>De 03 a 05 de maio de 2024<br \/>\n<strong>Theme:<\/strong> S\u00e9culo XXI \u2013 Vis\u00e3o, Medita\u00e7\u00e3o e A\u00e7\u00e3o no Budismo | CEBB Sukhavati<\/p>\n<p>Estamos mudando a forma de inscri\u00e7\u00e3o para os estudos, retiros e palestras on-line. Dessa forma, cada pessoa ter\u00e1 um login e uma senha e\u00a0 precisar\u00e1 cadastrar seus dados apenas uma vez. Tamb\u00e9m cada pessoa ter\u00e1 o seu espa\u00e7o para consultar os retiros dos quais j\u00e1 participou. Se voc\u00ea tiver qualquer d\u00favida, pedimos que entre em contato com acaoparamita@gmail.com. Se voc\u00ea n\u00e3o leu os detalhes sobre o evento, <a href=\"https:\/\/cebb.org.br\/retiro-seculo-xxi-visao-meditacao-e-acao-no-budismo\/\">acesse o site do CEBB<\/a>.<\/p>","protected":false},"excerpt":{"rendered":"<p><strong><b>Contribui\u00e7\u00e3o sugerida e pr\u00e1tica de generosidade<\/b><b>:<br \/>\n<\/b><\/strong>Sua inscri\u00e7\u00e3o e acesso online para o retiro independem de contribui\u00e7\u00e3o financeira. Caso seja poss\u00edvel contribuir, o valor sugerido \u00e9 de R$250,00.<\/p>","protected":false},"featured_media":12293,"comment_status":"closed","ping_status":"closed","template":"","meta":{"_themeisle_gutenberg_block_has_review":false},"product_brand":[],"product_cat":[162],"product_tag":[143],"class_list":{"0":"post-12292","1":"product","2":"type-product","3":"status-publish","4":"has-post-thumbnail","6":"product_cat-retiro-sukhavati-abril-24","7":"product_tag-visibilidade-produto-na-pagina-meu-espaco","9":"first","10":"instock","11":"downloadable","12":"virtual","13":"purchasable","14":"product-type-simple","15":"nyp-product"},"exclude_global_add_ons":[],"addons":[],"jetpack_sharing_enabled":true,"_links":{"self":[{"href":"https:\/\/acaoparamita.com.br\/en\/wp-json\/wp\/v2\/product\/12292","targetHints":{"allow":["GET"]}}],"collection":[{"href":"https:\/\/acaoparamita.com.br\/en\/wp-json\/wp\/v2\/product"}],"about":[{"href":"https:\/\/acaoparamita.com.br\/en\/wp-json\/wp\/v2\/types\/product"}],"replies":[{"embeddable":true,"href":"https:\/\/acaoparamita.com.br\/en\/wp-json\/wp\/v2\/comments?post=12292"}],"wp:featuredmedia":[{"embeddable":true,"href":"https:\/\/acaoparamita.com.br\/en\/wp-json\/wp\/v2\/media\/12293"}],"wp:attachment":[{"href":"https:\/\/acaoparamita.com.br\/en\/wp-json\/wp\/v2\/media?parent=12292"}],"wp:term":[{"taxonomy":"product_brand","embeddable":true,"href":"https:\/\/acaoparamita.com.br\/en\/wp-json\/wp\/v2\/product_brand?post=12292"},{"taxonomy":"product_cat","embeddable":true,"href":"https:\/\/acaoparamita.com.br\/en\/wp-json\/wp\/v2\/product_cat?post=12292"},{"taxonomy":"product_tag","embeddable":true,"href":"https:\/\/acaoparamita.com.br\/en\/wp-json\/wp\/v2\/product_tag?post=12292"}],"curies":[{"name":"wp","href":"https:\/\/api.w.org\/{rel}","templated":true}]}}