{"id":13299,"date":"2024-05-28T15:58:22","date_gmt":"2024-05-28T18:58:22","guid":{"rendered":"https:\/\/acaoparamita.com.br\/?post_type=product&#038;p=13299"},"modified":"2024-07-19T13:29:43","modified_gmt":"2024-07-19T16:29:43","slug":"inscricao-retiro-de-inverno-2024-sukhavati","status":"publish","type":"product","link":"https:\/\/acaoparamita.com.br\/en\/ensinamentos\/inscricao-retiro-de-inverno-2024-sukhavati\/","title":{"rendered":"Inscri\u00e7\u00e3o para o Retiro de Inverno 2024 no CEBB Sukhavati | 03 a 14.07 de 2024"},"content":{"rendered":"<p><em>Esta p\u00e1gina \u00e9 referente apenas ao retiro on-line.<\/em><br \/>\n<strong><b>Period: <\/b><\/strong>De 03 a 14 de julho de 2024<br \/>\n<strong>Theme:<\/strong> Shamatha Pura e Impura, Shamatha dos Cinco Lungs \u2013 Instru\u00e7\u00e3o e Pr\u00e1tica | Motiva\u00e7\u00e3o e Conselhos para a Vida Cotidiana \u2013 As quatro nobres verdades, a Roda da Vida e os reinos dos Tr\u00eas Mundos \u2013 oferenda de Mandala a Kuntuzangpo | O Caminho Budista da Vis\u00e3o, Medita\u00e7\u00e3o, A\u00e7\u00e3o e Frui\u00e7\u00e3o | Ensinamentos do Buda sobre as v\u00e1rias realiza\u00e7\u00f5es do caminho, nirvana e n\u00e3o-morte<\/p>\n<p>Estamos mudando a forma de inscri\u00e7\u00e3o para os estudos, retiros e palestras on-line. Dessa forma, cada pessoa ter\u00e1 um login e uma senha e\u00a0 precisar\u00e1 cadastrar seus dados apenas uma vez. Tamb\u00e9m cada pessoa ter\u00e1 o seu espa\u00e7o para consultar os retiros dos quais j\u00e1 participou. Se voc\u00ea tiver qualquer d\u00favida, pedimos que entre em contato com acaoparamita@gmail.com. Se voc\u00ea n\u00e3o leu os detalhes sobre o evento, <a href=\"https:\/\/cebb.org.br\/retiro-de-inverno-cebb-sukhavati-2024\/\">acesse o site do CEBB.<\/a><\/p>","protected":false},"excerpt":{"rendered":"<p><strong><b>Contribui\u00e7\u00e3o sugerida e pr\u00e1tica de generosidade<\/b><b>:<br \/>\n<\/b><\/strong>Sua inscri\u00e7\u00e3o e acesso online para o retiro independem de contribui\u00e7\u00e3o financeira. Caso seja poss\u00edvel contribuir, o valor sugerido \u00e9 de R$450,00.<\/p>","protected":false},"featured_media":13300,"comment_status":"closed","ping_status":"closed","template":"","meta":{"_themeisle_gutenberg_block_has_review":false},"product_brand":[],"product_cat":[171],"product_tag":[143],"class_list":{"0":"post-13299","1":"product","2":"type-product","3":"status-publish","4":"has-post-thumbnail","6":"product_cat-retiro-inverno-sukhavati","7":"product_tag-visibilidade-produto-na-pagina-meu-espaco","9":"first","10":"instock","11":"downloadable","12":"virtual","13":"sold-individually","14":"purchasable","15":"product-type-simple","16":"nyp-product"},"exclude_global_add_ons":[],"addons":[],"jetpack_sharing_enabled":true,"_links":{"self":[{"href":"https:\/\/acaoparamita.com.br\/en\/wp-json\/wp\/v2\/product\/13299","targetHints":{"allow":["GET"]}}],"collection":[{"href":"https:\/\/acaoparamita.com.br\/en\/wp-json\/wp\/v2\/product"}],"about":[{"href":"https:\/\/acaoparamita.com.br\/en\/wp-json\/wp\/v2\/types\/product"}],"replies":[{"embeddable":true,"href":"https:\/\/acaoparamita.com.br\/en\/wp-json\/wp\/v2\/comments?post=13299"}],"wp:featuredmedia":[{"embeddable":true,"href":"https:\/\/acaoparamita.com.br\/en\/wp-json\/wp\/v2\/media\/13300"}],"wp:attachment":[{"href":"https:\/\/acaoparamita.com.br\/en\/wp-json\/wp\/v2\/media?parent=13299"}],"wp:term":[{"taxonomy":"product_brand","embeddable":true,"href":"https:\/\/acaoparamita.com.br\/en\/wp-json\/wp\/v2\/product_brand?post=13299"},{"taxonomy":"product_cat","embeddable":true,"href":"https:\/\/acaoparamita.com.br\/en\/wp-json\/wp\/v2\/product_cat?post=13299"},{"taxonomy":"product_tag","embeddable":true,"href":"https:\/\/acaoparamita.com.br\/en\/wp-json\/wp\/v2\/product_tag?post=13299"}],"curies":[{"name":"wp","href":"https:\/\/api.w.org\/{rel}","templated":true}]}}