{"id":13382,"date":"2024-06-05T05:45:12","date_gmt":"2024-06-05T08:45:12","guid":{"rendered":"https:\/\/acaoparamita.com.br\/?post_type=product&#038;p=13382"},"modified":"2024-07-19T13:27:13","modified_gmt":"2024-07-19T16:27:13","slug":"inscricao-para-o-estudo-de-aprofundamento-caminho-relacoes-positivas-darma-sociedade","status":"publish","type":"product","link":"https:\/\/acaoparamita.com.br\/en\/ensinamentos\/inscricao-para-o-estudo-de-aprofundamento-caminho-relacoes-positivas-darma-sociedade\/","title":{"rendered":"Inscri\u00e7\u00e3o para o Estudo de Aprofundamento &#8211; O Caminho, Rela\u00e7\u00f5es Positivas, o Darma e a Sociedade | 05 a 18.06 de 2024"},"content":{"rendered":"<p><em>This page refers only to the online in-depth study.<\/em><br \/>\n<strong><b>Period: <\/b><\/strong>De 05 a 18 de junho de 2024<br \/>\n<strong>Theme:<\/strong> O Caminho, Rela\u00e7\u00f5es Positivas, o Darma e a Sociedade<\/p>\n<p>Estamos mudando a forma de inscri\u00e7\u00e3o para os estudos, retiros e palestras on-line. Dessa forma, cada pessoa ter\u00e1 um login e uma senha e\u00a0 precisar\u00e1 cadastrar seus dados apenas uma vez. Tamb\u00e9m cada pessoa ter\u00e1 o seu espa\u00e7o para consultar os retiros dos quais j\u00e1 participou. Se voc\u00ea tiver qualquer d\u00favida, pedimos que entre em contato com acaoparamita@gmail.com. Se voc\u00ea n\u00e3o leu os detalhes sobre o estudo de aprofundamento, <a href=\"https:\/\/cebb.org.br\/caminho-relacoes-darma-sociedade\">acesse o site do CEBB<\/a>.<\/p>","protected":false},"excerpt":{"rendered":"<p><strong><b>Contribui\u00e7\u00e3o sugerida e pr\u00e1tica de generosidade<\/b><b>:<br \/>\n<\/b><\/strong>Sua inscri\u00e7\u00e3o e acesso online para o retiro independem de contribui\u00e7\u00e3o financeira. Caso seja poss\u00edvel contribuir, o valor sugerido \u00e9 de R$550,00.<\/p>","protected":false},"featured_media":12714,"comment_status":"open","ping_status":"closed","template":"","meta":{"_themeisle_gutenberg_block_has_review":false},"product_brand":[],"product_cat":[144],"product_tag":[143],"class_list":{"0":"post-13382","1":"product","2":"type-product","3":"status-publish","4":"has-post-thumbnail","6":"product_cat-aprofundamento-2024","7":"product_tag-visibilidade-produto-na-pagina-meu-espaco","9":"first","10":"instock","11":"downloadable","12":"virtual","13":"sold-individually","14":"purchasable","15":"product-type-simple","16":"nyp-product"},"exclude_global_add_ons":[],"addons":[],"jetpack_sharing_enabled":true,"_links":{"self":[{"href":"https:\/\/acaoparamita.com.br\/en\/wp-json\/wp\/v2\/product\/13382","targetHints":{"allow":["GET"]}}],"collection":[{"href":"https:\/\/acaoparamita.com.br\/en\/wp-json\/wp\/v2\/product"}],"about":[{"href":"https:\/\/acaoparamita.com.br\/en\/wp-json\/wp\/v2\/types\/product"}],"replies":[{"embeddable":true,"href":"https:\/\/acaoparamita.com.br\/en\/wp-json\/wp\/v2\/comments?post=13382"}],"wp:featuredmedia":[{"embeddable":true,"href":"https:\/\/acaoparamita.com.br\/en\/wp-json\/wp\/v2\/media\/12714"}],"wp:attachment":[{"href":"https:\/\/acaoparamita.com.br\/en\/wp-json\/wp\/v2\/media?parent=13382"}],"wp:term":[{"taxonomy":"product_brand","embeddable":true,"href":"https:\/\/acaoparamita.com.br\/en\/wp-json\/wp\/v2\/product_brand?post=13382"},{"taxonomy":"product_cat","embeddable":true,"href":"https:\/\/acaoparamita.com.br\/en\/wp-json\/wp\/v2\/product_cat?post=13382"},{"taxonomy":"product_tag","embeddable":true,"href":"https:\/\/acaoparamita.com.br\/en\/wp-json\/wp\/v2\/product_tag?post=13382"}],"curies":[{"name":"wp","href":"https:\/\/api.w.org\/{rel}","templated":true}]}}