{"id":13643,"date":"2024-06-15T10:18:01","date_gmt":"2024-06-15T13:18:01","guid":{"rendered":"https:\/\/acaoparamita.com.br\/?post_type=product&#038;p=13643"},"modified":"2024-07-19T13:27:05","modified_gmt":"2024-07-19T16:27:05","slug":"inscricao-para-o-retiro-de-inverno-2024-no-cebb-alto-paraiso","status":"publish","type":"product","link":"https:\/\/acaoparamita.com.br\/en\/ensinamentos\/inscricao-para-o-retiro-de-inverno-2024-no-cebb-alto-paraiso\/","title":{"rendered":"Inscri\u00e7\u00e3o para o Retiro de Inverno 2024 no CEBB Alto Para\u00edso | 19 a 28.07 de 2024"},"content":{"rendered":"<p><em>Esta p\u00e1gina \u00e9 referente apenas ao retiro on-line.<\/em><br \/>\n<strong><b>Period: <\/b><\/strong>De 19 a 28 de julho de 2024<br \/>\n<strong>Theme: <\/strong>Caminho da Medita\u00e7\u00e3o<\/p>\n<p>Estamos mudando a forma de inscri\u00e7\u00e3o para os estudos, retiros e palestras on-line. Dessa forma, cada pessoa ter\u00e1 um login e uma senha e\u00a0 precisar\u00e1 cadastrar seus dados apenas uma vez. Tamb\u00e9m cada pessoa ter\u00e1 o seu espa\u00e7o para consultar os retiros dos quais j\u00e1 participou. Se voc\u00ea tiver qualquer d\u00favida, pedimos que entre em contato com acaoparamita@gmail.com. Se voc\u00ea n\u00e3o leu os detalhes sobre o evento, <a href=\"https:\/\/cebb.org.br\/retiro-inverno-2024-alto-paraiso\/\">acesse o site do CEBB.<\/a><\/p>","protected":false},"excerpt":{"rendered":"<p><strong><b>Contribui\u00e7\u00e3o sugerida e pr\u00e1tica de generosidade<\/b><b>:<br \/>\n<\/b><\/strong>Sua inscri\u00e7\u00e3o e acesso online para o retiro independem de contribui\u00e7\u00e3o financeira. Caso seja poss\u00edvel contribuir, o valor sugerido \u00e9 de R$360,00.<\/p>","protected":false},"featured_media":13645,"comment_status":"closed","ping_status":"closed","template":"","meta":{"_themeisle_gutenberg_block_has_review":false},"product_brand":[],"product_cat":[173],"product_tag":[143],"class_list":{"0":"post-13643","1":"product","2":"type-product","3":"status-publish","4":"has-post-thumbnail","6":"product_cat-retiro-inverno-alto-paraiso-2024","7":"product_tag-visibilidade-produto-na-pagina-meu-espaco","9":"first","10":"instock","11":"downloadable","12":"virtual","13":"sold-individually","14":"purchasable","15":"product-type-simple","16":"nyp-product"},"exclude_global_add_ons":[],"addons":[],"jetpack_sharing_enabled":true,"_links":{"self":[{"href":"https:\/\/acaoparamita.com.br\/en\/wp-json\/wp\/v2\/product\/13643","targetHints":{"allow":["GET"]}}],"collection":[{"href":"https:\/\/acaoparamita.com.br\/en\/wp-json\/wp\/v2\/product"}],"about":[{"href":"https:\/\/acaoparamita.com.br\/en\/wp-json\/wp\/v2\/types\/product"}],"replies":[{"embeddable":true,"href":"https:\/\/acaoparamita.com.br\/en\/wp-json\/wp\/v2\/comments?post=13643"}],"wp:featuredmedia":[{"embeddable":true,"href":"https:\/\/acaoparamita.com.br\/en\/wp-json\/wp\/v2\/media\/13645"}],"wp:attachment":[{"href":"https:\/\/acaoparamita.com.br\/en\/wp-json\/wp\/v2\/media?parent=13643"}],"wp:term":[{"taxonomy":"product_brand","embeddable":true,"href":"https:\/\/acaoparamita.com.br\/en\/wp-json\/wp\/v2\/product_brand?post=13643"},{"taxonomy":"product_cat","embeddable":true,"href":"https:\/\/acaoparamita.com.br\/en\/wp-json\/wp\/v2\/product_cat?post=13643"},{"taxonomy":"product_tag","embeddable":true,"href":"https:\/\/acaoparamita.com.br\/en\/wp-json\/wp\/v2\/product_tag?post=13643"}],"curies":[{"name":"wp","href":"https:\/\/api.w.org\/{rel}","templated":true}]}}