{"id":18161,"date":"2025-02-01T17:48:56","date_gmt":"2025-02-01T20:48:56","guid":{"rendered":"https:\/\/acaoparamita.com.br\/?post_type=product&#038;p=18161"},"modified":"2025-02-07T13:43:14","modified_gmt":"2025-02-07T16:43:14","slug":"palestra-a-emocao-pensamentos-caminho-praticante","status":"publish","type":"product","link":"https:\/\/acaoparamita.com.br\/en\/ensinamentos\/palestra-a-emocao-pensamentos-caminho-praticante\/","title":{"rendered":"Palestra &#8220;A Emo\u00e7\u00e3o e os pensamentos no caminho do praticante&#8221; CEBB SP | 17.02 (Presencial)"},"content":{"rendered":"<p><em>Esta p\u00e1gina \u00e9 referente apenas ao evento presencial.<\/em><br \/>\n<strong><b>Data: <\/b><\/strong>17 de fevereiro de 2025 (segunda-feira) \u2013 CEBB SP<br \/>\n<strong>Hor\u00e1rio: <\/strong>19h<br \/>\n<strong>Theme: <\/strong>A Emo\u00e7\u00e3o e os pensamentos no caminho do praticante<\/p>\n<p><strong>Se voc\u00ea j\u00e1 tem um login e senha no site da A\u00e7\u00e3o Paramita, basta us\u00e1-lo!<\/strong><\/p>\n<p>Estamos mudando a forma de inscri\u00e7\u00e3o para os estudos, retiros e palestras. Dessa forma, cada pessoa ter\u00e1 um login e uma senha e\u00a0 precisar\u00e1 cadastrar seus dados apenas uma vez. Se voc\u00ea tiver qualquer d\u00favida, pedimos que entre em contato com acaoparamita@gmail.com. Se voc\u00ea n\u00e3o leu os detalhes sobre o evento, <a href=\"https:\/\/cebb.org.br\/lama-sp-fev-25\/\">acesse o site do CEBB.<\/a><\/p>\n<p>&nbsp;<\/p>","protected":false},"excerpt":{"rendered":"<p><strong><b>Valor: R$80<\/b><b><br \/>\n<\/b><\/strong><\/p>\n<p>Sua contribui\u00e7\u00e3o apoiar\u00e1 o CEBB SP e as atividades do Lama Padma Samten.<\/p>\n<p><b>As vagas s\u00e3o limitadas e voc\u00ea pode realizar a inscri\u00e7\u00e3o para a palestra PRESENCIAL clicando no bot\u00e3o abaixo:<\/b><\/p>","protected":false},"featured_media":14721,"comment_status":"closed","ping_status":"closed","template":"","meta":{"_themeisle_gutenberg_block_has_review":false},"product_brand":[],"product_cat":[224],"product_tag":[],"class_list":{"0":"post-18161","1":"product","2":"type-product","3":"status-publish","4":"has-post-thumbnail","6":"product_cat-palestra-sp-25","8":"first","9":"instock","10":"sold-individually","11":"shipping-taxable","12":"purchasable","13":"product-type-simple"},"exclude_global_add_ons":[],"addons":[],"jetpack_sharing_enabled":true,"_links":{"self":[{"href":"https:\/\/acaoparamita.com.br\/en\/wp-json\/wp\/v2\/product\/18161","targetHints":{"allow":["GET"]}}],"collection":[{"href":"https:\/\/acaoparamita.com.br\/en\/wp-json\/wp\/v2\/product"}],"about":[{"href":"https:\/\/acaoparamita.com.br\/en\/wp-json\/wp\/v2\/types\/product"}],"replies":[{"embeddable":true,"href":"https:\/\/acaoparamita.com.br\/en\/wp-json\/wp\/v2\/comments?post=18161"}],"wp:featuredmedia":[{"embeddable":true,"href":"https:\/\/acaoparamita.com.br\/en\/wp-json\/wp\/v2\/media\/14721"}],"wp:attachment":[{"href":"https:\/\/acaoparamita.com.br\/en\/wp-json\/wp\/v2\/media?parent=18161"}],"wp:term":[{"taxonomy":"product_brand","embeddable":true,"href":"https:\/\/acaoparamita.com.br\/en\/wp-json\/wp\/v2\/product_brand?post=18161"},{"taxonomy":"product_cat","embeddable":true,"href":"https:\/\/acaoparamita.com.br\/en\/wp-json\/wp\/v2\/product_cat?post=18161"},{"taxonomy":"product_tag","embeddable":true,"href":"https:\/\/acaoparamita.com.br\/en\/wp-json\/wp\/v2\/product_tag?post=18161"}],"curies":[{"name":"wp","href":"https:\/\/api.w.org\/{rel}","templated":true}]}}