{"id":21354,"date":"2025-06-12T11:16:57","date_gmt":"2025-06-12T14:16:57","guid":{"rendered":"https:\/\/acaoparamita.com.br\/?post_type=product&#038;p=21354"},"modified":"2025-06-12T11:34:25","modified_gmt":"2025-06-12T14:34:25","slug":"inscricao-curso-curitiba-visao-espiritual","status":"publish","type":"product","link":"https:\/\/acaoparamita.com.br\/en\/ensinamentos\/inscricao-curso-curitiba-visao-espiritual\/","title":{"rendered":"Curso &#8220;A Vis\u00e3o Espiritual como Eixo da A\u00e7\u00e3o no Mundo&#8221; CEBB Curitiba | 19 a 21 de junho"},"content":{"rendered":"<p><em>Esta p\u00e1gina \u00e9 referente apenas ao evento on-line.<\/em><br \/>\n<strong><b>Data:\u00a0<\/b><\/strong>19 a 21 de junho de 2025 (quinta-feira a s\u00e1bado) \u2013 CEBB Curitiba<br \/>\n<strong>Hor\u00e1rio: <\/strong>19h: Puja 20h: Curso<br \/>\n<strong>Theme:\u00a0<\/strong> A Vis\u00e3o Espiritual como Eixo da A\u00e7\u00e3o no Mundo<\/p>\n<p>Estamos mudando a forma de inscri\u00e7\u00e3o para os estudos, retiros e palestras on-line. Dessa forma, cada pessoa ter\u00e1 um login e uma senha e\u00a0 precisar\u00e1 cadastrar seus dados apenas uma vez. Tamb\u00e9m cada pessoa ter\u00e1 o seu espa\u00e7o para consultar os retiros dos quais j\u00e1 participou. Se voc\u00ea tiver qualquer d\u00favida, pedimos que entre em contato com acaoparamita@gmail.com. Se voc\u00ea n\u00e3o leu os detalhes sobre o evento, <a href=\"https:\/\/cebb.org.br\/lucidez-bardos\/\">acesse o site do CEBB.<\/a><\/p>\n<p>&nbsp;<\/p>","protected":false},"excerpt":{"rendered":"<p><strong><b>Contribui\u00e7\u00e3o sugerida e pr\u00e1tica de generosidade<\/b><b>:<br \/>\n<\/b><\/strong>Sua inscri\u00e7\u00e3o e acesso online para o retiro independem de contribui\u00e7\u00e3o financeira. Caso seja poss\u00edvel contribuir, o valor sugerido \u00e9 de R$150,00.<\/p>","protected":false},"featured_media":14986,"comment_status":"closed","ping_status":"closed","template":"","meta":{"_themeisle_gutenberg_block_has_review":false},"product_brand":[],"product_cat":[249],"product_tag":[143],"class_list":{"0":"post-21354","1":"product","2":"type-product","3":"status-publish","4":"has-post-thumbnail","6":"product_cat-curso-curitiba-25","7":"product_tag-visibilidade-produto-na-pagina-meu-espaco","9":"first","10":"instock","11":"downloadable","12":"virtual","13":"sold-individually","14":"purchasable","15":"product-type-simple","16":"nyp-product"},"exclude_global_add_ons":[],"addons":[],"jetpack_sharing_enabled":true,"_links":{"self":[{"href":"https:\/\/acaoparamita.com.br\/en\/wp-json\/wp\/v2\/product\/21354","targetHints":{"allow":["GET"]}}],"collection":[{"href":"https:\/\/acaoparamita.com.br\/en\/wp-json\/wp\/v2\/product"}],"about":[{"href":"https:\/\/acaoparamita.com.br\/en\/wp-json\/wp\/v2\/types\/product"}],"replies":[{"embeddable":true,"href":"https:\/\/acaoparamita.com.br\/en\/wp-json\/wp\/v2\/comments?post=21354"}],"wp:featuredmedia":[{"embeddable":true,"href":"https:\/\/acaoparamita.com.br\/en\/wp-json\/wp\/v2\/media\/14986"}],"wp:attachment":[{"href":"https:\/\/acaoparamita.com.br\/en\/wp-json\/wp\/v2\/media?parent=21354"}],"wp:term":[{"taxonomy":"product_brand","embeddable":true,"href":"https:\/\/acaoparamita.com.br\/en\/wp-json\/wp\/v2\/product_brand?post=21354"},{"taxonomy":"product_cat","embeddable":true,"href":"https:\/\/acaoparamita.com.br\/en\/wp-json\/wp\/v2\/product_cat?post=21354"},{"taxonomy":"product_tag","embeddable":true,"href":"https:\/\/acaoparamita.com.br\/en\/wp-json\/wp\/v2\/product_tag?post=21354"}],"curies":[{"name":"wp","href":"https:\/\/api.w.org\/{rel}","templated":true}]}}