{"id":22416,"date":"2025-07-16T16:50:45","date_gmt":"2025-07-16T19:50:45","guid":{"rendered":"https:\/\/acaoparamita.com.br\/?post_type=product&#038;p=22416"},"modified":"2025-07-16T16:56:02","modified_gmt":"2025-07-16T19:56:02","slug":"inscricao-o-caminho-budista-da-moralidade-meditacao-e-lucidez","status":"publish","type":"product","link":"https:\/\/acaoparamita.com.br\/en\/ensinamentos\/inscricao-o-caminho-budista-da-moralidade-meditacao-e-lucidez\/","title":{"rendered":"Palestra &#8220;O Caminho Budista da Moralidade, Medita\u00e7\u00e3o e Lucidez&#8221;"},"content":{"rendered":"<p><em>Esta p\u00e1gina \u00e9 referente apenas ao evento on-line.<\/em><br \/>\n<strong><b>Data: <\/b><\/strong>15 de agosto de 2025 (sexta-feira) \u2013 CEBB BH<br \/>\n<strong>Hor\u00e1rio: 19:30h<\/strong><br \/>\n<strong>Theme:\u00a0<\/strong>O Caminho Budista da Moralidade, Medita\u00e7\u00e3o e Lucidez<\/p>\n<p><strong>Se voc\u00ea j\u00e1 tem um login e senha no site da A\u00e7\u00e3o Paramita, basta us\u00e1-lo!<\/strong><\/p>\n<p>Estamos mudando a forma de inscri\u00e7\u00e3o para os estudos, retiros e palestras. Dessa forma, cada pessoa ter\u00e1 um login e uma senha e\u00a0 precisar\u00e1 cadastrar seus dados apenas uma vez. Se voc\u00ea tiver qualquer d\u00favida, pedimos que entre em contato com acaoparamita@gmail.com. Se voc\u00ea n\u00e3o leu os detalhes sobre o evento, <a href=\"https:\/\/cebb.org.br\/lama-samten-em-belo-horizonte-2025\/\">acesse o site do CEBB<\/a>.<\/p>\n<p>&nbsp;<\/p>","protected":false},"excerpt":{"rendered":"<p><strong><b>Contribui\u00e7\u00e3o sugerida e pr\u00e1tica de generosidade<\/b><b>:<br \/>\n<\/b><\/strong>Sua inscri\u00e7\u00e3o e acesso online para o retiro independem de contribui\u00e7\u00e3o financeira. Caso seja poss\u00edvel contribuir, o valor sugerido \u00e9 de R$50,00.<\/p>","protected":false},"featured_media":22417,"comment_status":"closed","ping_status":"closed","template":"","meta":{"_themeisle_gutenberg_block_has_review":false},"product_brand":[],"product_cat":[331],"product_tag":[143],"class_list":{"0":"post-22416","1":"product","2":"type-product","3":"status-publish","4":"has-post-thumbnail","6":"product_cat-palestra-bh-25","7":"product_tag-visibilidade-produto-na-pagina-meu-espaco","9":"first","10":"instock","11":"downloadable","12":"virtual","13":"purchasable","14":"product-type-simple","15":"nyp-product"},"exclude_global_add_ons":[],"addons":[],"jetpack_sharing_enabled":true,"_links":{"self":[{"href":"https:\/\/acaoparamita.com.br\/en\/wp-json\/wp\/v2\/product\/22416","targetHints":{"allow":["GET"]}}],"collection":[{"href":"https:\/\/acaoparamita.com.br\/en\/wp-json\/wp\/v2\/product"}],"about":[{"href":"https:\/\/acaoparamita.com.br\/en\/wp-json\/wp\/v2\/types\/product"}],"replies":[{"embeddable":true,"href":"https:\/\/acaoparamita.com.br\/en\/wp-json\/wp\/v2\/comments?post=22416"}],"wp:featuredmedia":[{"embeddable":true,"href":"https:\/\/acaoparamita.com.br\/en\/wp-json\/wp\/v2\/media\/22417"}],"wp:attachment":[{"href":"https:\/\/acaoparamita.com.br\/en\/wp-json\/wp\/v2\/media?parent=22416"}],"wp:term":[{"taxonomy":"product_brand","embeddable":true,"href":"https:\/\/acaoparamita.com.br\/en\/wp-json\/wp\/v2\/product_brand?post=22416"},{"taxonomy":"product_cat","embeddable":true,"href":"https:\/\/acaoparamita.com.br\/en\/wp-json\/wp\/v2\/product_cat?post=22416"},{"taxonomy":"product_tag","embeddable":true,"href":"https:\/\/acaoparamita.com.br\/en\/wp-json\/wp\/v2\/product_tag?post=22416"}],"curies":[{"name":"wp","href":"https:\/\/api.w.org\/{rel}","templated":true}]}}