{"id":23916,"date":"2025-09-07T20:05:40","date_gmt":"2025-09-07T23:05:40","guid":{"rendered":"https:\/\/acaoparamita.com.br\/?post_type=product&#038;p=23916"},"modified":"2025-09-19T14:13:04","modified_gmt":"2025-09-19T17:13:04","slug":"mini-retiro-visao-meditacao-e-acao-iluminada-para-cultivar-a-felicidade","status":"publish","type":"product","link":"https:\/\/acaoparamita.com.br\/en\/ensinamentos\/mini-retiro-visao-meditacao-e-acao-iluminada-para-cultivar-a-felicidade\/","title":{"rendered":"Mini-retiro &#8220;Vis\u00e3o, medita\u00e7\u00e3o e a\u00e7\u00e3o iluminada para cultivar a felicidade&#8221; &#8211; Paris"},"content":{"rendered":"<p><em>Esta p\u00e1gina \u00e9 referente apenas ao evento on-line.<\/em><br \/>\n<strong><b>Data: <\/b><\/strong>De 19 a 21 de setembro de 2025 \u2013 Paris<br \/>\n<strong>Hor\u00e1rio de in\u00edcio no dia 19\/09: <\/strong>19h\u00a0 (Hor\u00e1rio Europa\u00a0Central) | 14h (Hor\u00e1rio de Bras\u00edlia)<strong><br \/>\n<\/strong><strong>Theme: <\/strong>Mini-retiro &#8220;Vis\u00e3o, medita\u00e7\u00e3o e a\u00e7\u00e3o iluminada para cultivar a felicidade&#8221; &#8211; Paris<\/p>\n<p><strong>Se voc\u00ea j\u00e1 tem um login e senha no site da A\u00e7\u00e3o Paramita, basta us\u00e1-lo!<\/strong><\/p>\n<p>Estamos mudando a forma de inscri\u00e7\u00e3o para os estudos, retiros e palestras. Dessa forma, cada pessoa ter\u00e1 um login e uma senha e\u00a0 precisar\u00e1 cadastrar seus dados apenas uma vez. Se voc\u00ea tiver qualquer d\u00favida, pedimos que entre em contato com acaoparamita@gmail.com. Se voc\u00ea n\u00e3o leu os detalhes sobre o evento, <a href=\"https:\/\/cebb.org.br\/lama-padma-samten-em-paris-2025\/\">acesse o site do CEBB.<\/a><\/p>\n<p>&nbsp;<\/p>","protected":false},"excerpt":{"rendered":"<p><strong><b>Contribui\u00e7\u00e3o sugerida e pr\u00e1tica de generosidade<\/b><b>:<br \/>\n<\/b><\/strong>Sua inscri\u00e7\u00e3o e acesso online para o retiro independem de contribui\u00e7\u00e3o financeira. Caso seja poss\u00edvel contribuir, o valor sugerido \u00e9 de R$120,00.<\/p>","protected":false},"featured_media":13300,"comment_status":"closed","ping_status":"closed","template":"","meta":{"_themeisle_gutenberg_block_has_review":false},"product_brand":[],"product_cat":[340],"product_tag":[143],"class_list":{"0":"post-23916","1":"product","2":"type-product","3":"status-publish","4":"has-post-thumbnail","6":"product_cat-retiro-lisboa-25","7":"product_tag-visibilidade-produto-na-pagina-meu-espaco","9":"first","10":"instock","11":"downloadable","12":"virtual","13":"purchasable","14":"product-type-simple","15":"nyp-product"},"exclude_global_add_ons":[],"addons":[],"jetpack_sharing_enabled":true,"_links":{"self":[{"href":"https:\/\/acaoparamita.com.br\/en\/wp-json\/wp\/v2\/product\/23916","targetHints":{"allow":["GET"]}}],"collection":[{"href":"https:\/\/acaoparamita.com.br\/en\/wp-json\/wp\/v2\/product"}],"about":[{"href":"https:\/\/acaoparamita.com.br\/en\/wp-json\/wp\/v2\/types\/product"}],"replies":[{"embeddable":true,"href":"https:\/\/acaoparamita.com.br\/en\/wp-json\/wp\/v2\/comments?post=23916"}],"wp:featuredmedia":[{"embeddable":true,"href":"https:\/\/acaoparamita.com.br\/en\/wp-json\/wp\/v2\/media\/13300"}],"wp:attachment":[{"href":"https:\/\/acaoparamita.com.br\/en\/wp-json\/wp\/v2\/media?parent=23916"}],"wp:term":[{"taxonomy":"product_brand","embeddable":true,"href":"https:\/\/acaoparamita.com.br\/en\/wp-json\/wp\/v2\/product_brand?post=23916"},{"taxonomy":"product_cat","embeddable":true,"href":"https:\/\/acaoparamita.com.br\/en\/wp-json\/wp\/v2\/product_cat?post=23916"},{"taxonomy":"product_tag","embeddable":true,"href":"https:\/\/acaoparamita.com.br\/en\/wp-json\/wp\/v2\/product_tag?post=23916"}],"curies":[{"name":"wp","href":"https:\/\/api.w.org\/{rel}","templated":true}]}}