{"id":24218,"date":"2025-09-30T17:15:04","date_gmt":"2025-09-30T20:15:04","guid":{"rendered":"https:\/\/acaoparamita.com.br\/?post_type=product&#038;p=24218"},"modified":"2025-09-30T17:23:59","modified_gmt":"2025-09-30T20:23:59","slug":"retiro-conselhos-para-a-vida-e-caminho","status":"publish","type":"product","link":"https:\/\/acaoparamita.com.br\/en\/ensinamentos\/retiro-conselhos-para-a-vida-e-caminho\/","title":{"rendered":"Retiro &#8220;Conselhos para a Vida e Caminho&#8221; CEBB SP | 15 e 16.11 (Presencial)"},"content":{"rendered":"<p><em>Esta p\u00e1gina \u00e9 referente apenas ao evento presencial.<\/em><br \/>\n<strong><b>Data: <\/b><\/strong>De 15 e 16 de novembro de 2025 \u2013 CEBB SP<br \/>\n<strong>Theme:\u00a0<\/strong>Conselhos para a Vida e Caminho<\/p>\n<p><strong>Se voc\u00ea j\u00e1 tem um login e senha no site da A\u00e7\u00e3o Paramita, basta us\u00e1-lo!<\/strong><\/p>\n<p>Estamos mudando a forma de inscri\u00e7\u00e3o para os estudos, retiros e palestras. Dessa forma, cada pessoa ter\u00e1 um login e uma senha e\u00a0 precisar\u00e1 cadastrar seus dados apenas uma vez. Se voc\u00ea tiver qualquer d\u00favida, pedimos que entre em contato com acaoparamita@gmail.com. Se voc\u00ea n\u00e3o leu os detalhes sobre o evento, <a href=\"https:\/\/cebb.org.br\/retiro-21-itens\/\">acesse o site do CEBB<\/a>.<\/p>\n<p>&nbsp;<\/p>","protected":false},"excerpt":{"rendered":"<p><strong><b>Valor: <\/b><\/strong>R$400<strong><b><br \/>\n<\/b><\/strong><\/p>\n<p>Sua contribui\u00e7\u00e3o apoiar\u00e1 o CEBB SP e as atividades do Lama Padma Samten.<\/p>\n<p><b>As vagas s\u00e3o limitadas e voc\u00ea pode realizar a inscri\u00e7\u00e3o para a palestra PRESENCIAL clicando no bot\u00e3o abaixo:<\/b><\/p>","protected":false},"featured_media":14721,"comment_status":"closed","ping_status":"closed","template":"","meta":{"_themeisle_gutenberg_block_has_review":false},"product_brand":[],"product_cat":[349],"product_tag":[],"class_list":{"0":"post-24218","1":"product","2":"type-product","3":"status-publish","4":"has-post-thumbnail","6":"product_cat-retiro-nov-25","8":"first","9":"instock","10":"sold-individually","11":"shipping-taxable","12":"purchasable","13":"product-type-simple"},"exclude_global_add_ons":[],"addons":[],"jetpack_sharing_enabled":true,"_links":{"self":[{"href":"https:\/\/acaoparamita.com.br\/en\/wp-json\/wp\/v2\/product\/24218","targetHints":{"allow":["GET"]}}],"collection":[{"href":"https:\/\/acaoparamita.com.br\/en\/wp-json\/wp\/v2\/product"}],"about":[{"href":"https:\/\/acaoparamita.com.br\/en\/wp-json\/wp\/v2\/types\/product"}],"replies":[{"embeddable":true,"href":"https:\/\/acaoparamita.com.br\/en\/wp-json\/wp\/v2\/comments?post=24218"}],"wp:featuredmedia":[{"embeddable":true,"href":"https:\/\/acaoparamita.com.br\/en\/wp-json\/wp\/v2\/media\/14721"}],"wp:attachment":[{"href":"https:\/\/acaoparamita.com.br\/en\/wp-json\/wp\/v2\/media?parent=24218"}],"wp:term":[{"taxonomy":"product_brand","embeddable":true,"href":"https:\/\/acaoparamita.com.br\/en\/wp-json\/wp\/v2\/product_brand?post=24218"},{"taxonomy":"product_cat","embeddable":true,"href":"https:\/\/acaoparamita.com.br\/en\/wp-json\/wp\/v2\/product_cat?post=24218"},{"taxonomy":"product_tag","embeddable":true,"href":"https:\/\/acaoparamita.com.br\/en\/wp-json\/wp\/v2\/product_tag?post=24218"}],"curies":[{"name":"wp","href":"https:\/\/api.w.org\/{rel}","templated":true}]}}