{"id":25595,"date":"2025-11-28T08:21:13","date_gmt":"2025-11-28T11:21:13","guid":{"rendered":"https:\/\/acaoparamita.com.br\/?post_type=product&#038;p=25595"},"modified":"2025-12-09T07:54:38","modified_gmt":"2025-12-09T10:54:38","slug":"inscricao-para-o-estudo-de-aprofundamento-dezembro-25","status":"publish","type":"product","link":"https:\/\/acaoparamita.com.br\/en\/ensinamentos\/inscricao-para-o-estudo-de-aprofundamento-dezembro-25\/","title":{"rendered":"Inscri\u00e7\u00e3o para o Estudo de Aprofundamento &#8220;Milarepa, Sua Vida e Realiza\u00e7\u00f5es&#8221; &#8211; Dezembro\/25"},"content":{"rendered":"<p><em>This page refers only to the online in-depth study.<\/em><br \/>\n<strong><b>Per\u00edodo: 09<\/b> a 22 de dezembro 2025, das 09h \u00e0s 11h (n\u00e3o inclui os fins de semana)<\/strong><br \/>\n<strong>Theme:<\/strong> Milarepa, Sua Vida e Realiza\u00e7\u00f5es<\/p>\n<p>Estamos mudando a forma de inscri\u00e7\u00e3o para os estudos, retiros e palestras on-line. Dessa forma, cada pessoa ter\u00e1 um login e uma senha e\u00a0 precisar\u00e1 cadastrar seus dados apenas uma vez. Tamb\u00e9m cada pessoa ter\u00e1 o seu espa\u00e7o para consultar os retiros dos quais j\u00e1 participou. Se voc\u00ea tiver qualquer d\u00favida, pedimos que entre em contato com acaoparamita@gmail.com. Se voc\u00ea n\u00e3o leu os detalhes sobre o estudo de aprofundamento, <a href=\"https:\/\/cebb.org.br\/aprofundamento-dezembro\/\">acesse o site do CEBB.<\/a><\/p>","protected":false},"excerpt":{"rendered":"<p><strong><b>Contribui\u00e7\u00e3o sugerida e pr\u00e1tica de generosidade<\/b><b>:<br \/>\n<\/b><\/strong>Sua inscri\u00e7\u00e3o e acesso online para o retiro independem de contribui\u00e7\u00e3o financeira. Caso seja poss\u00edvel contribuir, o valor sugerido \u00e9 de R$400,00.<\/p>","protected":false},"featured_media":20487,"comment_status":"open","ping_status":"closed","template":"","meta":{"_themeisle_gutenberg_block_has_review":false},"product_brand":[],"product_cat":[362],"product_tag":[143],"class_list":{"0":"post-25595","1":"product","2":"type-product","3":"status-publish","4":"has-post-thumbnail","6":"product_cat-aprof-dez25","7":"product_tag-visibilidade-produto-na-pagina-meu-espaco","9":"first","10":"instock","11":"downloadable","12":"virtual","13":"purchasable","14":"product-type-simple","15":"nyp-product"},"exclude_global_add_ons":[],"addons":[],"jetpack_sharing_enabled":true,"_links":{"self":[{"href":"https:\/\/acaoparamita.com.br\/en\/wp-json\/wp\/v2\/product\/25595","targetHints":{"allow":["GET"]}}],"collection":[{"href":"https:\/\/acaoparamita.com.br\/en\/wp-json\/wp\/v2\/product"}],"about":[{"href":"https:\/\/acaoparamita.com.br\/en\/wp-json\/wp\/v2\/types\/product"}],"replies":[{"embeddable":true,"href":"https:\/\/acaoparamita.com.br\/en\/wp-json\/wp\/v2\/comments?post=25595"}],"wp:featuredmedia":[{"embeddable":true,"href":"https:\/\/acaoparamita.com.br\/en\/wp-json\/wp\/v2\/media\/20487"}],"wp:attachment":[{"href":"https:\/\/acaoparamita.com.br\/en\/wp-json\/wp\/v2\/media?parent=25595"}],"wp:term":[{"taxonomy":"product_brand","embeddable":true,"href":"https:\/\/acaoparamita.com.br\/en\/wp-json\/wp\/v2\/product_brand?post=25595"},{"taxonomy":"product_cat","embeddable":true,"href":"https:\/\/acaoparamita.com.br\/en\/wp-json\/wp\/v2\/product_cat?post=25595"},{"taxonomy":"product_tag","embeddable":true,"href":"https:\/\/acaoparamita.com.br\/en\/wp-json\/wp\/v2\/product_tag?post=25595"}],"curies":[{"name":"wp","href":"https:\/\/api.w.org\/{rel}","templated":true}]}}