{"id":26232,"date":"2026-01-12T10:04:20","date_gmt":"2026-01-12T13:04:20","guid":{"rendered":"https:\/\/acaoparamita.com.br\/?post_type=product&#038;p=26232"},"modified":"2026-01-12T10:08:08","modified_gmt":"2026-01-12T13:08:08","slug":"palestra-ha-algum-sentido-na-vida-cebb-recife","status":"publish","type":"product","link":"https:\/\/acaoparamita.com.br\/en\/ensinamentos\/palestra-ha-algum-sentido-na-vida-cebb-recife\/","title":{"rendered":"Palestra &#8220;H\u00e1 algum sentido na vida?&#8221; CEBB Recife | 15\/01"},"content":{"rendered":"<p><em>Esta p\u00e1gina \u00e9 referente apenas ao evento on-line.<\/em><br \/>\n<strong><b>Data:\u00a0<\/b><\/strong>15 de janeiro de 2026 (quinta-feira) \u2013 CEBB Recife\/UFPE<br \/>\n<strong>Hor\u00e1rio: <\/strong>19h30<br \/>\n<strong>Theme:\u00a0<\/strong> H\u00e1 algum sentido na vida?<\/p>\n<p>Estamos mudando a forma de inscri\u00e7\u00e3o para os estudos, retiros e palestras on-line. Dessa forma, cada pessoa ter\u00e1 um login e uma senha e\u00a0 precisar\u00e1 cadastrar seus dados apenas uma vez. Tamb\u00e9m cada pessoa ter\u00e1 o seu espa\u00e7o para consultar os retiros dos quais j\u00e1 participou. Se voc\u00ea tiver qualquer d\u00favida, pedimos que entre em contato com acaoparamita@gmail.com. Se voc\u00ea n\u00e3o leu os detalhes sobre o evento, <a href=\"https:\/\/cebb.org.br\/sentido-vida\/\">acesse o site do CEBB.<\/a><\/p>\n<p>&nbsp;<\/p>","protected":false},"excerpt":{"rendered":"<p><strong><b>Contribui\u00e7\u00e3o sugerida e pr\u00e1tica de generosidade<\/b><b>:<br \/>\n<\/b><\/strong>Sua inscri\u00e7\u00e3o e acesso online para o retiro independem de contribui\u00e7\u00e3o financeira. Caso seja poss\u00edvel contribuir, o valor sugerido \u00e9 de R$60,00.<\/p>","protected":false},"featured_media":14986,"comment_status":"closed","ping_status":"closed","template":"","meta":{"_themeisle_gutenberg_block_has_review":false},"product_brand":[],"product_cat":[367],"product_tag":[143],"class_list":{"0":"post-26232","1":"product","2":"type-product","3":"status-publish","4":"has-post-thumbnail","6":"product_cat-palestra-recife-2026","7":"product_tag-visibilidade-produto-na-pagina-meu-espaco","9":"first","10":"instock","11":"downloadable","12":"virtual","13":"sold-individually","14":"purchasable","15":"product-type-simple","16":"nyp-product"},"exclude_global_add_ons":[],"addons":[],"jetpack_sharing_enabled":true,"_links":{"self":[{"href":"https:\/\/acaoparamita.com.br\/en\/wp-json\/wp\/v2\/product\/26232","targetHints":{"allow":["GET"]}}],"collection":[{"href":"https:\/\/acaoparamita.com.br\/en\/wp-json\/wp\/v2\/product"}],"about":[{"href":"https:\/\/acaoparamita.com.br\/en\/wp-json\/wp\/v2\/types\/product"}],"replies":[{"embeddable":true,"href":"https:\/\/acaoparamita.com.br\/en\/wp-json\/wp\/v2\/comments?post=26232"}],"wp:featuredmedia":[{"embeddable":true,"href":"https:\/\/acaoparamita.com.br\/en\/wp-json\/wp\/v2\/media\/14986"}],"wp:attachment":[{"href":"https:\/\/acaoparamita.com.br\/en\/wp-json\/wp\/v2\/media?parent=26232"}],"wp:term":[{"taxonomy":"product_brand","embeddable":true,"href":"https:\/\/acaoparamita.com.br\/en\/wp-json\/wp\/v2\/product_brand?post=26232"},{"taxonomy":"product_cat","embeddable":true,"href":"https:\/\/acaoparamita.com.br\/en\/wp-json\/wp\/v2\/product_cat?post=26232"},{"taxonomy":"product_tag","embeddable":true,"href":"https:\/\/acaoparamita.com.br\/en\/wp-json\/wp\/v2\/product_tag?post=26232"}],"curies":[{"name":"wp","href":"https:\/\/api.w.org\/{rel}","templated":true}]}}