{"id":26589,"date":"2026-02-10T05:34:46","date_gmt":"2026-02-10T08:34:46","guid":{"rendered":"https:\/\/acaoparamita.com.br\/?post_type=product&#038;p=26589"},"modified":"2026-02-10T06:12:35","modified_gmt":"2026-02-10T09:12:35","slug":"inscricao-retiro-de-meditacao-instrucoes-e-ensinamentos-presencial-cebb-sp","status":"publish","type":"product","link":"https:\/\/acaoparamita.com.br\/en\/ensinamentos\/inscricao-retiro-de-meditacao-instrucoes-e-ensinamentos-presencial-cebb-sp\/","title":{"rendered":"Retiro de medita\u00e7\u00e3o, instru\u00e7\u00f5es e ensinamentos &#8211; CEBB SP | 07 e 08.03 (Presencial)"},"content":{"rendered":"<p><em>Esta p\u00e1gina \u00e9 referente apenas ao evento presencial.<\/em><br \/>\n<strong><b>Data: <\/b><\/strong>07 e 08 de mar\u00e7o de 2026 \u2013 CEBB SP<br \/>\n<strong>Theme:\u00a0<\/strong>Retiro de medita\u00e7\u00e3o, instru\u00e7\u00f5es e ensinamentos<\/p>\n<p><strong>Se voc\u00ea j\u00e1 tem um login e senha no site da A\u00e7\u00e3o Paramita, basta us\u00e1-lo!<\/strong><\/p>\n<p>Estamos mudando a forma de inscri\u00e7\u00e3o para os estudos, retiros e palestras. Dessa forma, cada pessoa ter\u00e1 um login e uma senha e\u00a0 precisar\u00e1 cadastrar seus dados apenas uma vez. Se voc\u00ea tiver qualquer d\u00favida, pedimos que entre em contato com acaoparamita@gmail.com. Se voc\u00ea n\u00e3o leu os detalhes sobre o evento, <a href=\"https:\/\/cebb.org.br\/lama-samten-medita\/\">acesse o site do CEBB.<\/a><\/p>\n<p>&nbsp;<\/p>","protected":false},"excerpt":{"rendered":"<p><strong><b>Valor: <\/b><\/strong>R$400<strong><b><br \/>\n<\/b><\/strong><\/p>\n<p>Sua contribui\u00e7\u00e3o apoiar\u00e1 o CEBB SP e as atividades do Lama Padma Samten.<\/p>\n<p><b>As vagas s\u00e3o limitadas e voc\u00ea pode realizar a inscri\u00e7\u00e3o para a palestra PRESENCIAL clicando no bot\u00e3o abaixo:<\/b><\/p>","protected":false},"featured_media":14721,"comment_status":"closed","ping_status":"closed","template":"","meta":{"_themeisle_gutenberg_block_has_review":false},"product_brand":[],"product_cat":[369],"product_tag":[],"class_list":{"0":"post-26589","1":"product","2":"type-product","3":"status-publish","4":"has-post-thumbnail","6":"product_cat-retiro-sp-mar-26","8":"first","9":"instock","10":"shipping-taxable","11":"purchasable","12":"product-type-simple"},"exclude_global_add_ons":[],"addons":[],"jetpack_sharing_enabled":true,"_links":{"self":[{"href":"https:\/\/acaoparamita.com.br\/en\/wp-json\/wp\/v2\/product\/26589","targetHints":{"allow":["GET"]}}],"collection":[{"href":"https:\/\/acaoparamita.com.br\/en\/wp-json\/wp\/v2\/product"}],"about":[{"href":"https:\/\/acaoparamita.com.br\/en\/wp-json\/wp\/v2\/types\/product"}],"replies":[{"embeddable":true,"href":"https:\/\/acaoparamita.com.br\/en\/wp-json\/wp\/v2\/comments?post=26589"}],"wp:featuredmedia":[{"embeddable":true,"href":"https:\/\/acaoparamita.com.br\/en\/wp-json\/wp\/v2\/media\/14721"}],"wp:attachment":[{"href":"https:\/\/acaoparamita.com.br\/en\/wp-json\/wp\/v2\/media?parent=26589"}],"wp:term":[{"taxonomy":"product_brand","embeddable":true,"href":"https:\/\/acaoparamita.com.br\/en\/wp-json\/wp\/v2\/product_brand?post=26589"},{"taxonomy":"product_cat","embeddable":true,"href":"https:\/\/acaoparamita.com.br\/en\/wp-json\/wp\/v2\/product_cat?post=26589"},{"taxonomy":"product_tag","embeddable":true,"href":"https:\/\/acaoparamita.com.br\/en\/wp-json\/wp\/v2\/product_tag?post=26589"}],"curies":[{"name":"wp","href":"https:\/\/api.w.org\/{rel}","templated":true}]}}