{"id":26596,"date":"2026-02-10T06:09:19","date_gmt":"2026-02-10T09:09:19","guid":{"rendered":"https:\/\/acaoparamita.com.br\/?post_type=product&#038;p=26596"},"modified":"2026-02-10T06:11:46","modified_gmt":"2026-02-10T09:11:46","slug":"retiro-de-meditacao-instrucoes-e-ensinamentos-cebb-sp-07-e-08-03-presencial-desconto","status":"publish","type":"product","link":"https:\/\/acaoparamita.com.br\/en\/ensinamentos\/retiro-de-meditacao-instrucoes-e-ensinamentos-cebb-sp-07-e-08-03-presencial-desconto\/","title":{"rendered":"Retiro de medita\u00e7\u00e3o, instru\u00e7\u00f5es e ensinamentos  CEBB SP | 07 e 08.03 (Presencial\/Desconto)"},"content":{"rendered":"<p><em>Esta p\u00e1gina \u00e9 referente apenas ao evento on-line.<\/em><br \/>\n<strong><b>Data: <\/b><\/strong>07 e 08 de mar\u00e7o de 2026 \u2013 CEBB SP<br \/>\n<strong>Theme:\u00a0<\/strong>Retiro de medita\u00e7\u00e3o, instru\u00e7\u00f5es e ensinamentos<\/p>\n<p><strong>Se voc\u00ea j\u00e1 tem um login e senha no site da A\u00e7\u00e3o Paramita, basta us\u00e1-lo!<\/strong><\/p>\n<p>Estamos mudando a forma de inscri\u00e7\u00e3o para os estudos, retiros e palestras. Dessa forma, cada pessoa ter\u00e1 um login e uma senha e\u00a0 precisar\u00e1 cadastrar seus dados apenas uma vez. Se voc\u00ea tiver qualquer d\u00favida, pedimos que entre em contato com acaoparamita@gmail.com. Se voc\u00ea n\u00e3o leu os detalhes sobre o evento, <a href=\"https:\/\/cebb.org.br\/lama-samten-medita\/\">acesse o site do CEBB<\/a>.<\/p>\n<p>&nbsp;<\/p>","protected":false},"excerpt":{"rendered":"<p><strong><b>Valor: R$400<\/b><b><br \/>\n<\/b><\/strong><\/p>\n<p>Sua contribui\u00e7\u00e3o apoiar\u00e1 o CEBB SP e as atividades do Lama Padma Samten.<\/p>\n<p><b>As vagas s\u00e3o limitadas e voc\u00ea pode realizar a inscri\u00e7\u00e3o para o retiro PRESENCIAL, digitando o valor abaixo:<\/b><\/p>","protected":false},"featured_media":13300,"comment_status":"closed","ping_status":"closed","template":"","meta":{"_themeisle_gutenberg_block_has_review":false},"product_brand":[],"product_cat":[370],"product_tag":[143],"class_list":{"0":"post-26596","1":"product","2":"type-product","3":"status-publish","4":"has-post-thumbnail","6":"product_cat-retiro-sp-mar-online","7":"product_tag-visibilidade-produto-na-pagina-meu-espaco","9":"first","10":"instock","11":"downloadable","12":"virtual","13":"purchasable","14":"product-type-simple","15":"nyp-product"},"exclude_global_add_ons":[],"addons":[],"jetpack_sharing_enabled":true,"_links":{"self":[{"href":"https:\/\/acaoparamita.com.br\/en\/wp-json\/wp\/v2\/product\/26596","targetHints":{"allow":["GET"]}}],"collection":[{"href":"https:\/\/acaoparamita.com.br\/en\/wp-json\/wp\/v2\/product"}],"about":[{"href":"https:\/\/acaoparamita.com.br\/en\/wp-json\/wp\/v2\/types\/product"}],"replies":[{"embeddable":true,"href":"https:\/\/acaoparamita.com.br\/en\/wp-json\/wp\/v2\/comments?post=26596"}],"wp:featuredmedia":[{"embeddable":true,"href":"https:\/\/acaoparamita.com.br\/en\/wp-json\/wp\/v2\/media\/13300"}],"wp:attachment":[{"href":"https:\/\/acaoparamita.com.br\/en\/wp-json\/wp\/v2\/media?parent=26596"}],"wp:term":[{"taxonomy":"product_brand","embeddable":true,"href":"https:\/\/acaoparamita.com.br\/en\/wp-json\/wp\/v2\/product_brand?post=26596"},{"taxonomy":"product_cat","embeddable":true,"href":"https:\/\/acaoparamita.com.br\/en\/wp-json\/wp\/v2\/product_cat?post=26596"},{"taxonomy":"product_tag","embeddable":true,"href":"https:\/\/acaoparamita.com.br\/en\/wp-json\/wp\/v2\/product_tag?post=26596"}],"curies":[{"name":"wp","href":"https:\/\/api.w.org\/{rel}","templated":true}]}}