{"id":26964,"date":"2026-03-18T09:08:18","date_gmt":"2026-03-18T12:08:18","guid":{"rendered":"https:\/\/acaoparamita.com.br\/?post_type=product&#038;p=26964"},"modified":"2026-03-18T10:12:38","modified_gmt":"2026-03-18T13:12:38","slug":"inscricao-imersao-com-lama-padma-samten-mes-1","status":"publish","type":"product","link":"https:\/\/acaoparamita.com.br\/en\/ensinamentos\/inscricao-imersao-com-lama-padma-samten-mes-1\/","title":{"rendered":"Imers\u00e3o com Lama Padma Samten | M\u00eas 1"},"content":{"rendered":"<p><em>Esta p\u00e1gina \u00e9 referente apenas \u00e0 imers\u00e3o on-line.<\/em><br \/>\n<strong><b>Period: <\/b><\/strong>05 a 30 de abril 2026<br \/>\n<strong>Theme:<\/strong> Imers\u00e3o com Lama Padma Samten | M\u00eas 1<\/p>\n<p>A imers\u00e3o com Lama Padma Samten \u00e9 de 3 meses e essa inscri\u00e7\u00e3o \u00e9 referente ao 1\u00ba m\u00eas. A p\u00e1gina de acompanhamento inclui a programa\u00e7\u00e3o de todas as atividades, acesso ao zoom, youtube e textos.<\/p>\n<p>Estamos mudando a forma de inscri\u00e7\u00e3o para os estudos, retiros e palestras on-line. Dessa forma, cada pessoa ter\u00e1 um login e uma senha e\u00a0 precisar\u00e1 cadastrar seus dados apenas uma vez. Tamb\u00e9m cada pessoa ter\u00e1 o seu espa\u00e7o para consultar os retiros dos quais j\u00e1 participou. Se voc\u00ea tiver qualquer d\u00favida, pedimos que entre em contato com acaoparamita@gmail.com. Se voc\u00ea n\u00e3o leu os detalhes sobre o estudo de aprofundamento, <a href=\"https:\/\/cebb.org.br\/imersao\/\">acesse o site do CEBB.<\/a><\/p>","protected":false},"excerpt":{"rendered":"<p><strong><b>Contribui\u00e7\u00e3o sugerida e pr\u00e1tica de generosidade<\/b><b>:<br \/>\n<\/b><\/strong>Sua inscri\u00e7\u00e3o e acesso online para o retiro independem de contribui\u00e7\u00e3o financeira. Caso seja poss\u00edvel contribuir, o valor sugerido \u00e9 de R$800,00.<\/p>","protected":false},"featured_media":26968,"comment_status":"open","ping_status":"closed","template":"","meta":{"_themeisle_gutenberg_block_has_review":false},"product_brand":[],"product_cat":[374],"product_tag":[143],"class_list":{"0":"post-26964","1":"product","2":"type-product","3":"status-publish","4":"has-post-thumbnail","6":"product_cat-imersao-mes-1","7":"product_tag-visibilidade-produto-na-pagina-meu-espaco","9":"first","10":"instock","11":"downloadable","12":"virtual","13":"purchasable","14":"product-type-simple","15":"nyp-product"},"exclude_global_add_ons":[],"addons":[],"jetpack_sharing_enabled":true,"_links":{"self":[{"href":"https:\/\/acaoparamita.com.br\/en\/wp-json\/wp\/v2\/product\/26964","targetHints":{"allow":["GET"]}}],"collection":[{"href":"https:\/\/acaoparamita.com.br\/en\/wp-json\/wp\/v2\/product"}],"about":[{"href":"https:\/\/acaoparamita.com.br\/en\/wp-json\/wp\/v2\/types\/product"}],"replies":[{"embeddable":true,"href":"https:\/\/acaoparamita.com.br\/en\/wp-json\/wp\/v2\/comments?post=26964"}],"wp:featuredmedia":[{"embeddable":true,"href":"https:\/\/acaoparamita.com.br\/en\/wp-json\/wp\/v2\/media\/26968"}],"wp:attachment":[{"href":"https:\/\/acaoparamita.com.br\/en\/wp-json\/wp\/v2\/media?parent=26964"}],"wp:term":[{"taxonomy":"product_brand","embeddable":true,"href":"https:\/\/acaoparamita.com.br\/en\/wp-json\/wp\/v2\/product_brand?post=26964"},{"taxonomy":"product_cat","embeddable":true,"href":"https:\/\/acaoparamita.com.br\/en\/wp-json\/wp\/v2\/product_cat?post=26964"},{"taxonomy":"product_tag","embeddable":true,"href":"https:\/\/acaoparamita.com.br\/en\/wp-json\/wp\/v2\/product_tag?post=26964"}],"curies":[{"name":"wp","href":"https:\/\/api.w.org\/{rel}","templated":true}]}}